{"id":1111,"date":"2022-10-17T13:58:11","date_gmt":"2022-10-17T13:58:11","guid":{"rendered":"https:\/\/michael-mautner.com\/?page_id=1111"},"modified":"2022-10-17T14:10:28","modified_gmt":"2022-10-17T14:10:28","slug":"intervista-sul-tema-della-ricerca-familiare","status":"publish","type":"page","link":"https:\/\/michael-mautner.com\/it\/genealogia\/intervista-sul-tema-della-ricerca-familiare","title":{"rendered":"Intervista sul tema della ricerca familiare"},"content":{"rendered":"<h5>Intervista di Susanne Schr\u00f6der<\/h5>\n<p>Alla fine di ottobre 2019 mi \u00e8 stato chiesto di rilasciare un&#8217;intervista per il numero di Natale 2019 della rivista tematica dell&#8217;Evangelisches <a href=\"http:\/\/www.sonntagsblatt.de\" target=\"_blank\" rel=\"noopener\">Sonntagsblatt<\/a> f\u00fcr Bayern. Tema della rivista &#8220;Sacra Famiglia &#8211; Storie di famiglia nella Bibbia e nel presente&#8221;. Ho accettato volentieri. E cos\u00ec ho parlato del mio lavoro a Susanne Schr\u00f6der della redazione di Monaco di Baviera. Il risultato \u00e8 un testo meraviglioso, che Dorothee Sch\u00f6pfer ha copiato anche nell&#8217;Evangelisches Gemeindeblatt f\u00fcr W\u00fcrttemberg nel gennaio 2020. Cliccare <a href=\"https:\/\/michael-mautner.com\/it\/genealogia\/intervista-sul-tema-della-ricerca-familiare\/in-cerca-di-radici\">qui<\/a> per l&#8217;intervista.<\/p>\n<p>Responsabile dei contenuti \u00e8 la redazione, il copyright \u00e8 dell&#8217;<a href=\"https:\/\/www.epv.de\/\" target=\"_blank\" rel=\"noopener noreferrer\">Evangelischer Presseverband<\/a>.<\/p>\n","protected":false},"excerpt":{"rendered":"<p>Intervista di Susanne Schr\u00f6der Alla fine di ottobre 2019 mi \u00e8 stato chiesto di rilasciare un&#8217;intervista per il numero di Natale 2019 della rivista tematica dell&#8217;Evangelisches Sonntagsblatt f\u00fcr Bayern. Tema della rivista &#8220;Sacra Famiglia &#8211; Storie di famiglia nella Bibbia e nel presente&#8221;. Ho accettato volentieri. E cos\u00ec ho parlato del mio lavoro a Susanne [&hellip;]<\/p>\n","protected":false},"author":3,"featured_media":0,"parent":1090,"menu_order":0,"comment_status":"closed","ping_status":"closed","template":"","meta":{"footnotes":""},"class_list":["post-1111","page","type-page","status-publish","hentry"],"_links":{"self":[{"href":"https:\/\/michael-mautner.com\/it\/wp-json\/wp\/v2\/pages\/1111","targetHints":{"allow":["GET"]}}],"collection":[{"href":"https:\/\/michael-mautner.com\/it\/wp-json\/wp\/v2\/pages"}],"about":[{"href":"https:\/\/michael-mautner.com\/it\/wp-json\/wp\/v2\/types\/page"}],"author":[{"embeddable":true,"href":"https:\/\/michael-mautner.com\/it\/wp-json\/wp\/v2\/users\/3"}],"replies":[{"embeddable":true,"href":"https:\/\/michael-mautner.com\/it\/wp-json\/wp\/v2\/comments?post=1111"}],"version-history":[{"count":5,"href":"https:\/\/michael-mautner.com\/it\/wp-json\/wp\/v2\/pages\/1111\/revisions"}],"predecessor-version":[{"id":1143,"href":"https:\/\/michael-mautner.com\/it\/wp-json\/wp\/v2\/pages\/1111\/revisions\/1143"}],"up":[{"embeddable":true,"href":"https:\/\/michael-mautner.com\/it\/wp-json\/wp\/v2\/pages\/1090"}],"wp:attachment":[{"href":"https:\/\/michael-mautner.com\/it\/wp-json\/wp\/v2\/media?parent=1111"}],"curies":[{"name":"wp","href":"https:\/\/api.w.org\/{rel}","templated":true}]}}