{"id":1097,"date":"2022-10-17T13:46:46","date_gmt":"2022-10-17T13:46:46","guid":{"rendered":"https:\/\/michael-mautner.com\/?page_id=1097"},"modified":"2022-10-17T13:47:27","modified_gmt":"2022-10-17T13:47:27","slug":"poepelt","status":"publish","type":"page","link":"https:\/\/michael-mautner.com\/it\/genealogia\/poepelt","title":{"rendered":"P\u00f6pelt"},"content":{"rendered":"<h5>Ricerca su famiglia e nome P\u00d6PELT<\/h5>\n<p>Mio padre si chiamava <a href=\"https:\/\/michael-mautner.com\/it\/genealogia\/poepelt\/antenati-poepelt-della-slesia\">P\u00f6pelt<\/a> ed era nato nel 1926 nel piccolo villaggio di strada di Ebersdorf, nella Bassa Slesia, nel distretto di <a href=\"https:\/\/de.wikipedia.org\/wiki\/Landkreis_Schweidnitz\" target=\"_blank\" rel=\"noopener\">Schweidnitz<\/a>, poi distretto di\u00a0<a href=\"https:\/\/de.wikipedia.org\/wiki\/Landkreis_Neumarkt\" target=\"_blank\" rel=\"noopener\">Neumarkt<\/a>, e battezzato nella chiesa parrocchiale cattolica della vicina <a href=\"http:\/\/www.bockau-in-schlesien.de\/page_1178731533170.html\" target=\"_blank\" rel=\"noopener\">Bockau<\/a>. Due anni dopo si trasferisce nel comune di <a href=\"https:\/\/www.google.com\/maps\/place\/58-130+%C5%BBar%C3%B3w,+Polen\/@50.9431626,16.4690605,13.25z\/data=!4m5!3m4!1s0x470fade1e75b3573:0xbba82a1234ea978d!8m2!3d50.94076!4d16.49474\" target=\"_blank\" rel=\"noopener\">Saarau<\/a>, dove frequenta la scuola primaria. A Breslau \u00e8 stato allievo del <a href=\"https:\/\/de.wikipedia.org\/wiki\/Matthias-Gymnasium\" target=\"_blank\" rel=\"noopener\">Ginnasio di San Mattia<\/a>, oggi sede dell&#8217; <a href=\"https:\/\/de.wikipedia.org\/wiki\/Ossolineum\" target=\"_blank\" rel=\"noopener\">Ossolineum<\/a>. Mio nonno era originario di <a href=\"https:\/\/de.wikipedia.org\/wiki\/Osiek_(Powiat_%C5%9Aredzki)\" target=\"_blank\" rel=\"noopener\">Ossig<\/a>, suo padre di (in polacco <a href=\"https:\/\/www.google.de\/maps\/place\/55-311+Pa%C5%BAdziorno,+Polen\/@51.0195868,16.6169319,14z\/data=!3m1!4b1!4m5!3m4!1s0x470fba674362a4c3:0x96a4d1060b2ea5ff!8m2!3d51.0195886!4d16.6344415?dcr=0\" target=\"_blank\" rel=\"noopener\">Pa\u017adziorno<\/a>). Gli altri antenati che si possono trovare vivevano a Eisendorf (in polacco <a href=\"https:\/\/www.google.de\/maps\/place\/55-340+Jarost%C3%B3w,+Polen\/@51.0749012,16.4633154,15z\/data=!3m1!4b1!4m5!3m4!1s0x470fa42817eb2bb7:0xc66a061ef6e04376!8m2!3d51.074902!4d16.4720702?dcr=0\" target=\"_blank\" rel=\"noopener\">Jarost\u00f3w<\/a>), che apparteneva alla parrocchia di Ober Mois (in polacco <a href=\"https:\/\/www.google.de\/maps\/place\/55-340+Ujazd+G%C3%B3rny,+Polen\/@51.0842405,16.4937177,15z\/data=!3m1!4b1!4m5!3m4!1s0x470fa415b943b733:0xaff06558cf821c0f!8m2!3d51.0842413!4d16.5024725?dcr=0\" target=\"_blank\" rel=\"noopener\">Ujazd G\u00f3rny<\/a>). I documenti della chiesa sono conservati dal 1777 in poi. L&#8217;ultimo antenato P\u00f6pelt di cui si conosce il nome mor\u00ec nel 1850 all&#8217;et\u00e0 di 80 anni, cio\u00e8 era nato intorno al 1770.<\/p>\n<p>Oggi, il nome P\u00f6pelt esiste ancora circa 70 volte in Germania (al 2008).<\/p>\n<p>Un progetto \u00e8 quello di registrare gli antenati dei portatori del nome P\u00f6pelt ancora in vita e di documentarne le origini. A questo scopo, ho inviato lettere a tutti gli indirizzi accessibili su Internet. Tra questi ci sono i discendenti dei fratelli di mio nonno con i quali non ho avuto alcun contatto fino ad ora, ma anche i portatori di nomi con i quali non sono riuscita a stabilire alcun rapporto di parentela.<\/p>\n<p>Inoltre, l&#8217;obiettivo del progetto \u00e8 quello di decifrare il significato e l&#8217;origine del nome.<\/p>\n<p>Se avete domande o suggerimenti, contattatemi: <a href=\"mailto:ahnen@michael-mautner.de\">ahnen@michael-mautner.de<\/a>.<\/p>\n<p>&nbsp;<\/p>\n","protected":false},"excerpt":{"rendered":"<p>Ricerca su famiglia e nome P\u00d6PELT Mio padre si chiamava P\u00f6pelt ed era nato nel 1926 nel piccolo villaggio di strada di Ebersdorf, nella Bassa Slesia, nel distretto di Schweidnitz, poi distretto di\u00a0Neumarkt, e battezzato nella chiesa parrocchiale cattolica della vicina Bockau. Due anni dopo si trasferisce nel comune di Saarau, dove frequenta la scuola [&hellip;]<\/p>\n","protected":false},"author":3,"featured_media":0,"parent":1090,"menu_order":0,"comment_status":"closed","ping_status":"closed","template":"","meta":{"footnotes":""},"class_list":["post-1097","page","type-page","status-publish","hentry"],"_links":{"self":[{"href":"https:\/\/michael-mautner.com\/it\/wp-json\/wp\/v2\/pages\/1097","targetHints":{"allow":["GET"]}}],"collection":[{"href":"https:\/\/michael-mautner.com\/it\/wp-json\/wp\/v2\/pages"}],"about":[{"href":"https:\/\/michael-mautner.com\/it\/wp-json\/wp\/v2\/types\/page"}],"author":[{"embeddable":true,"href":"https:\/\/michael-mautner.com\/it\/wp-json\/wp\/v2\/users\/3"}],"replies":[{"embeddable":true,"href":"https:\/\/michael-mautner.com\/it\/wp-json\/wp\/v2\/comments?post=1097"}],"version-history":[{"count":3,"href":"https:\/\/michael-mautner.com\/it\/wp-json\/wp\/v2\/pages\/1097\/revisions"}],"predecessor-version":[{"id":1154,"href":"https:\/\/michael-mautner.com\/it\/wp-json\/wp\/v2\/pages\/1097\/revisions\/1154"}],"up":[{"embeddable":true,"href":"https:\/\/michael-mautner.com\/it\/wp-json\/wp\/v2\/pages\/1090"}],"wp:attachment":[{"href":"https:\/\/michael-mautner.com\/it\/wp-json\/wp\/v2\/media?parent=1097"}],"curies":[{"name":"wp","href":"https:\/\/api.w.org\/{rel}","templated":true}]}}