{"id":1090,"date":"2022-10-17T13:31:18","date_gmt":"2022-10-17T13:31:18","guid":{"rendered":"https:\/\/michael-mautner.com\/?page_id=1090"},"modified":"2025-05-31T12:11:26","modified_gmt":"2025-05-31T12:11:26","slug":"genealogia","status":"publish","type":"page","link":"https:\/\/michael-mautner.com\/it\/genealogia","title":{"rendered":"Genealogia"},"content":{"rendered":"<section  class='av_textblock_section av-3n0d-49d2d07bf6f37aac197d81e68edce2f6 '   itemscope=\"itemscope\" itemtype=\"https:\/\/schema.org\/CreativeWork\" ><div class='avia_textblock av_inherit_color'  itemprop=\"text\" ><div id=\"bildoben\"><img loading=\"lazy\" decoding=\"async\" class=\"aligncenter wp-image-72 size-full\" src=\"http:\/\/michael-mautner.com\/wp-content\/uploads\/2015\/05\/GenealogieAP2.jpg\" alt=\"GenealogieAP2\" width=\"3796\" height=\"1332\" srcset=\"https:\/\/michael-mautner.com\/wp-content\/uploads\/2015\/05\/GenealogieAP2.jpg 3796w, https:\/\/michael-mautner.com\/wp-content\/uploads\/2015\/05\/GenealogieAP2-300x105.jpg 300w, https:\/\/michael-mautner.com\/wp-content\/uploads\/2015\/05\/GenealogieAP2-1030x361.jpg 1030w, https:\/\/michael-mautner.com\/wp-content\/uploads\/2015\/05\/GenealogieAP2-1500x526.jpg 1500w, https:\/\/michael-mautner.com\/wp-content\/uploads\/2015\/05\/GenealogieAP2-705x247.jpg 705w, https:\/\/michael-mautner.com\/wp-content\/uploads\/2015\/05\/GenealogieAP2-450x158.jpg 450w\" sizes=\"auto, (max-width: 3796px) 100vw, 3796px\" \/><\/div>\n<p>Familienforschung, eigentlich Familiengeschichtsforschung oder Genealogie, oft einfach Ahnenforschung genannt, ist ein Thema, das immer mehr Menschen in seinen Bann zieht.<\/p>\n<p>Familienforschung ist ein sehr pers\u00f6nlicher Weg zu Ihren Vorfahren, der Geschichte Ihrer Familie und vielen bewegenden Ereignissen in Europa und der Welt. Sie lernen dabei nicht nur, die Pr\u00e4gungen in Ihrer Familie besser zu verstehen, sondern k\u00f6nnen dadurch auch ein tieferes Verst\u00e4ndnis f\u00fcr die Zusammenh\u00e4nge zwischen der Geschichte und den Entwicklungen bei unseren Vorfahren erreichen.<\/p>\n<p>Eine pers\u00f6nliches Projekt von Michael Mautner finden Sie <a href=\"http:\/\/michael-mautner.com\/projekt\">HIER<\/a><\/p>\n<\/div><\/section>\n","protected":false},"excerpt":{"rendered":"","protected":false},"author":3,"featured_media":0,"parent":0,"menu_order":0,"comment_status":"open","ping_status":"open","template":"","meta":{"footnotes":""},"class_list":["post-1090","page","type-page","status-publish","hentry"],"_links":{"self":[{"href":"https:\/\/michael-mautner.com\/it\/wp-json\/wp\/v2\/pages\/1090","targetHints":{"allow":["GET"]}}],"collection":[{"href":"https:\/\/michael-mautner.com\/it\/wp-json\/wp\/v2\/pages"}],"about":[{"href":"https:\/\/michael-mautner.com\/it\/wp-json\/wp\/v2\/types\/page"}],"author":[{"embeddable":true,"href":"https:\/\/michael-mautner.com\/it\/wp-json\/wp\/v2\/users\/3"}],"replies":[{"embeddable":true,"href":"https:\/\/michael-mautner.com\/it\/wp-json\/wp\/v2\/comments?post=1090"}],"version-history":[{"count":5,"href":"https:\/\/michael-mautner.com\/it\/wp-json\/wp\/v2\/pages\/1090\/revisions"}],"predecessor-version":[{"id":2210,"href":"https:\/\/michael-mautner.com\/it\/wp-json\/wp\/v2\/pages\/1090\/revisions\/2210"}],"wp:attachment":[{"href":"https:\/\/michael-mautner.com\/it\/wp-json\/wp\/v2\/media?parent=1090"}],"curies":[{"name":"wp","href":"https:\/\/api.w.org\/{rel}","templated":true}]}}