{"id":941,"date":"2020-06-13T12:57:30","date_gmt":"2020-06-13T12:57:30","guid":{"rendered":"http:\/\/michael-mautner.com\/recherche-genealogique\/interview-sur-le-theme-de-la-recherche-sur-la-famille"},"modified":"2022-10-17T14:00:13","modified_gmt":"2022-10-17T14:00:13","slug":"interview-sur-le-theme-de-la-recherche-sur-la-famille","status":"publish","type":"page","link":"https:\/\/michael-mautner.com\/fr\/recherche-genealogique\/interview-sur-le-theme-de-la-recherche-sur-la-famille","title":{"rendered":"Interview sur le th\u00e8me de la recherche sur la famille"},"content":{"rendered":"<h5>Interview de Susanne Schr\u00f6der<\/h5>\n<p>Fin octobre 2019, on m&rsquo;a demand\u00e9 si je serais pr\u00eat \u00e0 donner une interview pour le num\u00e9ro de No\u00ebl 2019 du magazine th\u00e9matique du Evangelisches <a href=\"http:\/\/www.sonntagsblatt.de\" target=\"_blank\" rel=\"noopener noreferrer\">Sonntagsblatt<\/a> f\u00fcr Bayern<\/p>\n<p>Fin octobre 2019, on m&rsquo;a demand\u00e9 si je serais pr\u00eat \u00e0 donner une interview pour le num\u00e9ro de No\u00ebl 2019 du magazine th\u00e9matique du Evangelische Sonntagsblatt f\u00fcr Bayern. Th\u00e8me du magazine \u00ab\u00a0Sainte Famille &#8211; Histoires de famille dans la Bible et au pr\u00e9sent\u00a0\u00bb. J&rsquo;ai volontiers dit oui \u00e0 cela. J&rsquo;ai donc parl\u00e9 de mon travail \u00e0 Susanne Schr\u00f6der, de la r\u00e9daction de Munich (Haute-Bavi\u00e8re). Le r\u00e9sultat est un texte r\u00e9ussi, que Dorothee Sch\u00f6pfer a \u00e9galement copi\u00e9 dans le Evangelisches Gemeindeblatt f\u00fcr W\u00fcrttemberg en janvier 2020. Cliquez <a href=\"https:\/\/michael-mautner.com\/fr\/recherche-genealogique\/interview-sur-le-theme-de-la-recherche-sur-la-famille\/a-la-recherche-des-racines\">ici<\/a> pour l&rsquo;interview.<\/p>\n<p>La r\u00e9daction est responsable du contenu, les droits d&rsquo;auteur sont d\u00e9tenus par l&rsquo;<a href=\"https:\/\/www.epv.de\/\" target=\"_blank\" rel=\"noopener noreferrer\">Evangelischer Presseverband<\/a>.<\/p>\n","protected":false},"excerpt":{"rendered":"<p>Interview de Susanne Schr\u00f6der Fin octobre 2019, on m&rsquo;a demand\u00e9 si je serais pr\u00eat \u00e0 donner une interview pour le num\u00e9ro de No\u00ebl 2019 du magazine th\u00e9matique du Evangelisches Sonntagsblatt f\u00fcr Bayern Fin octobre 2019, on m&rsquo;a demand\u00e9 si je serais pr\u00eat \u00e0 donner une interview pour le num\u00e9ro de No\u00ebl 2019 du magazine th\u00e9matique [&hellip;]<\/p>\n","protected":false},"author":3,"featured_media":0,"parent":504,"menu_order":0,"comment_status":"closed","ping_status":"closed","template":"","meta":{"footnotes":""},"class_list":["post-941","page","type-page","status-publish","hentry"],"_links":{"self":[{"href":"https:\/\/michael-mautner.com\/fr\/wp-json\/wp\/v2\/pages\/941","targetHints":{"allow":["GET"]}}],"collection":[{"href":"https:\/\/michael-mautner.com\/fr\/wp-json\/wp\/v2\/pages"}],"about":[{"href":"https:\/\/michael-mautner.com\/fr\/wp-json\/wp\/v2\/types\/page"}],"author":[{"embeddable":true,"href":"https:\/\/michael-mautner.com\/fr\/wp-json\/wp\/v2\/users\/3"}],"replies":[{"embeddable":true,"href":"https:\/\/michael-mautner.com\/fr\/wp-json\/wp\/v2\/comments?post=941"}],"version-history":[{"count":2,"href":"https:\/\/michael-mautner.com\/fr\/wp-json\/wp\/v2\/pages\/941\/revisions"}],"predecessor-version":[{"id":1142,"href":"https:\/\/michael-mautner.com\/fr\/wp-json\/wp\/v2\/pages\/941\/revisions\/1142"}],"up":[{"embeddable":true,"href":"https:\/\/michael-mautner.com\/fr\/wp-json\/wp\/v2\/pages\/504"}],"wp:attachment":[{"href":"https:\/\/michael-mautner.com\/fr\/wp-json\/wp\/v2\/media?parent=941"}],"curies":[{"name":"wp","href":"https:\/\/api.w.org\/{rel}","templated":true}]}}