{"id":791,"date":"2019-04-14T13:08:06","date_gmt":"2019-04-14T13:08:06","guid":{"rendered":"http:\/\/michael-mautner.com\/recherche-genealogique\/sebald"},"modified":"2019-04-16T08:42:49","modified_gmt":"2019-04-16T08:42:49","slug":"sebald","status":"publish","type":"page","link":"https:\/\/michael-mautner.com\/fr\/recherche-genealogique\/sebald","title":{"rendered":"Sebald"},"content":{"rendered":"\n<style type=\"text\/css\" data-created_by=\"avia_inline_auto\" id=\"style-css-av-ba4yb-9376a697f8622a51c1721b61d64f9d14\">\n.flex_column.av-ba4yb-9376a697f8622a51c1721b61d64f9d14{\nborder-radius:0px 0px 0px 0px;\npadding:0px 0px 0px 0px;\n}\n<\/style>\n<div  class='flex_column av-ba4yb-9376a697f8622a51c1721b61d64f9d14 av_one_full  avia-builder-el-0  avia-builder-el-no-sibling  first flex_column_div av-zero-column-padding  '     ><section  class='av_textblock_section av-jugubexw-2b8a827de44d039c3d1e24f35f92e879 '   itemscope=\"itemscope\" itemtype=\"https:\/\/schema.org\/CreativeWork\" ><div class='avia_textblock'  itemprop=\"text\" ><h5>Les m\u00e9moires de Georg Michael SEBALD<\/h5>\n<p>D\u00e9but 2019, nous avons eu le plaisir de transcrire les <a href=\"https:\/\/michael-mautner.com\/fr\/recherche-genealogique\/sebald\/memoires-de-georg-michael-sebald\" target=\"_blank\" rel=\"noopener noreferrer\">m\u00e9moires de Georg Michael Sebald<\/a>. Il a commenc\u00e9 \u00e0 \u00e9crire ces moments \u00e0 l&rsquo;\u00e2ge de 80 ans et a continu\u00e9 \u00e0 le faire jusqu&rsquo;\u00e0 l&rsquo;\u00e2ge de 86 ans.<\/p>\n<p>Il \u00e9crivit son r\u00e9cit de sa vie sur un cahier cousu \u00e0 cet Almanach du paysan de 1773, car il est complet avec ses gravures sur bois.<\/p>\n<p><img loading=\"lazy\" decoding=\"async\" class=\"aligncenter wp-image-756 size-full\" src=\"http:\/\/michael-mautner.com\/wp-content\/uploads\/2019\/04\/Sebald-00.1.jpg\" alt=\"\" width=\"688\" height=\"820\" srcset=\"https:\/\/michael-mautner.com\/wp-content\/uploads\/2019\/04\/Sebald-00.1.jpg 688w, https:\/\/michael-mautner.com\/wp-content\/uploads\/2019\/04\/Sebald-00.1-252x300.jpg 252w, https:\/\/michael-mautner.com\/wp-content\/uploads\/2019\/04\/Sebald-00.1-592x705.jpg 592w, https:\/\/michael-mautner.com\/wp-content\/uploads\/2019\/04\/Sebald-00.1-450x536.jpg 450w\" sizes=\"auto, (max-width: 688px) 100vw, 688px\" \/><\/p>\n<p>Georg Michael Sebald \u00e9tait forgeron de profession et est n\u00e9 le 31 juillet 1737 dans le hameau de Brachbach, qui appartient aujourd&rsquo;hui \u00e0 la commune de <a href=\"https:\/\/de.wikipedia.org\/wiki\/Unterm%C3%BCnkheim\" target=\"_blank\" rel=\"noopener noreferrer\">Unterm\u00fcnkheim<\/a> dans le district de Schw\u00e4bisch Hall.<\/p>\n<p>Les deux derni\u00e8res pages sont \u00e9crites dans un script diff\u00e9rent, peut-\u00eatre par un de ses descendants ou un autre parent, et doivent dater de 1918. Ce sont des impressions choquantes de la fin de la <a href=\"https:\/\/fr.wikipedia.org\/wiki\/Premi%C3%A8re_Guerre_mondiale\" target=\"_blank\" rel=\"noopener noreferrer\">Premi\u00e8re Guerre mondiale<\/a>.<\/p>\n<\/div><\/section><\/div>\n","protected":false},"excerpt":{"rendered":"","protected":false},"author":3,"featured_media":0,"parent":504,"menu_order":0,"comment_status":"closed","ping_status":"closed","template":"","meta":{"footnotes":""},"class_list":["post-791","page","type-page","status-publish","hentry"],"_links":{"self":[{"href":"https:\/\/michael-mautner.com\/fr\/wp-json\/wp\/v2\/pages\/791","targetHints":{"allow":["GET"]}}],"collection":[{"href":"https:\/\/michael-mautner.com\/fr\/wp-json\/wp\/v2\/pages"}],"about":[{"href":"https:\/\/michael-mautner.com\/fr\/wp-json\/wp\/v2\/types\/page"}],"author":[{"embeddable":true,"href":"https:\/\/michael-mautner.com\/fr\/wp-json\/wp\/v2\/users\/3"}],"replies":[{"embeddable":true,"href":"https:\/\/michael-mautner.com\/fr\/wp-json\/wp\/v2\/comments?post=791"}],"version-history":[{"count":7,"href":"https:\/\/michael-mautner.com\/fr\/wp-json\/wp\/v2\/pages\/791\/revisions"}],"predecessor-version":[{"id":816,"href":"https:\/\/michael-mautner.com\/fr\/wp-json\/wp\/v2\/pages\/791\/revisions\/816"}],"up":[{"embeddable":true,"href":"https:\/\/michael-mautner.com\/fr\/wp-json\/wp\/v2\/pages\/504"}],"wp:attachment":[{"href":"https:\/\/michael-mautner.com\/fr\/wp-json\/wp\/v2\/media?parent=791"}],"curies":[{"name":"wp","href":"https:\/\/api.w.org\/{rel}","templated":true}]}}