{"id":567,"date":"2018-08-30T15:37:42","date_gmt":"2018-08-30T15:37:42","guid":{"rendered":"http:\/\/michael-mautner.com\/litterature"},"modified":"2018-08-30T15:37:42","modified_gmt":"2018-08-30T15:37:42","slug":"litterature","status":"publish","type":"page","link":"https:\/\/michael-mautner.com\/fr\/recherche-genealogique\/litterature","title":{"rendered":"Litt\u00e9rature"},"content":{"rendered":"<p>Il y a beaucoup d&rsquo;informations sur la g\u00e9n\u00e9alogie sur Internet. N\u00e9anmoins, il est parfois tr\u00e8s utile de parcourir un livre. Vous trouverez ici une petite collection de recommandations de livres que je consid\u00e8re utiles, utiles ou remarquables (malheureusement seulement en allemand).<\/p>\n<p>Entr\u00e9e dans la g\u00e9n\u00e9alogie :<\/p>\n<p><a href=\"https:\/\/books.google.de\/books\/about\/Achtung_Ahnen_ich_komme.html?id=AfjApwAACAAJ&amp;source=kp_cover&amp;redir_esc=y\" target=\"_blank\" rel=\"noopener\">Achtung Ahnen, ich komme!<\/a> Livre de pratique de la recherche moderne sur la famille<\/p>\n<p>Blurb : Qui suis-je ? Cette question est existentielle pour nous. Nous devons y r\u00e9pondre pour nous comprendre nous-m\u00eames. Qui nous sommes, pourquoi nous sommes devenus, comment nous sommes &#8211; ceci peut avant tout \u00eatre tir\u00e9 de notre propre histoire familiale. La question pour nous et notre famille nous emm\u00e8ne dans un voyage dans le pass\u00e9. Pour Viktoria Urmersbach et Alexander Schug, la recherche familiale est un chemin de connaissance de soi. Les anc\u00eatres sont en vous et ont quelque chose \u00e0 dire est leur approche. Comment aller au fond de ces messages et comment utiliser la recherche familiale comme un passe-temps, une activit\u00e9 de loisir divertissante et excitante ou m\u00eame un outil th\u00e9rapeutique est montr\u00e9 \u00e9tape par \u00e9tape dans ce guide de pratique.<\/p>\n<p>Travail standard :<\/p>\n<p><a href=\"https:\/\/books.google.de\/books?id=36KOAAAACAAJ&amp;dq=taschenbuch+f%C3%BCr+familiengeschichtsforschung&amp;hl=de&amp;sa=X&amp;ved=0ahUKEwij-pCF-vfZAhVMqaQKHb2WBGsQ6AEIMDAB\" target=\"_blank\" rel=\"noopener\">Taschenbuch f\u00fcr Familiengeschichtsforschung<\/a><\/p>\n<p>Blurb : Le Taschenbuch f\u00fcr Familiengeschichtsforschung a \u00e9t\u00e9 fond\u00e9 en 1919 par Friedrich Wecken et a \u00e9t\u00e9 \u00e9dit\u00e9 et mis \u00e0 jour par Wolfgang Ribbe et Eckard Henning depuis la 8e \u00e9dition en 1975, y compris cette 13e \u00e9dition de 2006. Il couvre toutes les questions importantes concernant les m\u00e9thodes de travail, l&rsquo;utilisation de l&rsquo;informatique en g\u00e9n\u00e9alogie, les formes de repr\u00e9sentation, les m\u00e9thodes de num\u00e9rotation, les possibilit\u00e9s de publication, les \u00e9valuations scientifiques, les sources de recherche sur la famille, les aides \u00e0 l&rsquo;\u00e9tude des sources (\u00e9tude de l&rsquo;\u00e9criture, du temps, des armoiries, des sceaux et des noms). Pour la premi\u00e8re fois, la section lexique se trouve sur un CD-ROM. Il contient les termes techniques, les noms des parents, les abr\u00e9viations dans les documents, les noms des maladies et les titres, ainsi que la litt\u00e9rature la plus importante sur chaque chapitre pour une \u00e9tude plus approfondie et les adresses actuelles des archives, des biblioth\u00e8ques et des soci\u00e9t\u00e9s g\u00e9n\u00e9alogiques et historiques en Allemagne et \u00e0 l&rsquo;\u00e9tranger.<\/p>\n<p>Dictionnaire :<\/p>\n<p class=\"booktitle\"><a href=\"http:\/\/www.reinhardriepl.homepage.t-online.de\/woerterb.htm\" target=\"_blank\" rel=\"noopener\"><span class=\"fn\"><span dir=\"ltr\">W\u00f6rterbuch zur Familien- und Heimatforschung in Bayern und \u00d6sterreich<\/span><\/span><\/a><\/p>\n<p>L&rsquo;accent est mis ici sur la Bavi\u00e8re et l&rsquo;Autriche, mais le dictionnaire devrait \u00e9galement \u00eatre utilisable dans les r\u00e9gions voisines.<\/p>\n<p>Conseil de lecture :<\/p>\n<p><a href=\"http:\/\/www.familien-geheimnis.de\/\" target=\"_blank\" rel=\"noopener\">Stolpersteine &#8211; Einem Familiengeheimnis auf der Spur<\/a><\/p>\n<p>Lors de la <a href=\"https:\/\/dgt2017.dresdner-verein-fuer-genealogie.de\/\" target=\"_blank\" rel=\"noopener\">69. Genealogentag in Dresden<\/a> , j&rsquo;ai rencontr\u00e9 <a href=\"http:\/\/www.familien-geheimnis.de\/autorin.html\" target=\"_blank\" rel=\"noopener\">Anja Hellfritzsch<\/a>\u00a0et achet\u00e9 son livre <a href=\"http:\/\/www.familien-geheimnis.de\/impressionen.html\" target=\"_blank\" rel=\"noopener\">\u00ab\u00a0Stolpersteine\u00a0\u00bb<\/a> , que j&rsquo;ai lu avec enthousiasme. L&rsquo;histoire de sa recherche sur la famille est touchante, excitante comme un thriller, excitante, surprenante et magnifiquement racont\u00e9e &#8211; pour moi, c&rsquo;est un must pour tout chercheur sur la famille. Du pur plaisir de lecture !<\/p>\n<p>&nbsp;<\/p>\n","protected":false},"excerpt":{"rendered":"<p>Il y a beaucoup d&rsquo;informations sur la g\u00e9n\u00e9alogie sur Internet. N\u00e9anmoins, il est parfois tr\u00e8s utile de parcourir un livre. Vous trouverez ici une petite collection de recommandations de livres que je consid\u00e8re utiles, utiles ou remarquables (malheureusement seulement en allemand). Entr\u00e9e dans la g\u00e9n\u00e9alogie : Achtung Ahnen, ich komme! Livre de pratique de la [&hellip;]<\/p>\n","protected":false},"author":3,"featured_media":0,"parent":504,"menu_order":0,"comment_status":"closed","ping_status":"closed","template":"","meta":{"footnotes":""},"class_list":["post-567","page","type-page","status-publish","hentry"],"_links":{"self":[{"href":"https:\/\/michael-mautner.com\/fr\/wp-json\/wp\/v2\/pages\/567","targetHints":{"allow":["GET"]}}],"collection":[{"href":"https:\/\/michael-mautner.com\/fr\/wp-json\/wp\/v2\/pages"}],"about":[{"href":"https:\/\/michael-mautner.com\/fr\/wp-json\/wp\/v2\/types\/page"}],"author":[{"embeddable":true,"href":"https:\/\/michael-mautner.com\/fr\/wp-json\/wp\/v2\/users\/3"}],"replies":[{"embeddable":true,"href":"https:\/\/michael-mautner.com\/fr\/wp-json\/wp\/v2\/comments?post=567"}],"version-history":[{"count":0,"href":"https:\/\/michael-mautner.com\/fr\/wp-json\/wp\/v2\/pages\/567\/revisions"}],"up":[{"embeddable":true,"href":"https:\/\/michael-mautner.com\/fr\/wp-json\/wp\/v2\/pages\/504"}],"wp:attachment":[{"href":"https:\/\/michael-mautner.com\/fr\/wp-json\/wp\/v2\/media?parent=567"}],"curies":[{"name":"wp","href":"https:\/\/api.w.org\/{rel}","templated":true}]}}