{"id":548,"date":"2018-08-30T15:27:17","date_gmt":"2018-08-30T15:27:17","guid":{"rendered":"http:\/\/michael-mautner.com\/qui-sommes-nous"},"modified":"2024-07-24T15:09:50","modified_gmt":"2024-07-24T15:09:50","slug":"qui-sommes-nous","status":"publish","type":"page","link":"https:\/\/michael-mautner.com\/fr\/qui-sommes-nous","title":{"rendered":"Qui sommes-nous"},"content":{"rendered":"<section  class='av_textblock_section av-av_textblock-9ee6daaf882f31bf75966532cda9493c '   itemscope=\"itemscope\" itemtype=\"https:\/\/schema.org\/CreativeWork\" ><div class='avia_textblock'  itemprop=\"text\" ><h1>Genealogie &#8211; Familienforschung &#8211; Ahnenforschung<\/h1>\n<p>Mein Name ist Michael Mautner und ich bin seit vielen Jahren Ahnenforscher in M\u00fcnchen.<\/p>\n<h2>Mitgliedschaften<\/h2>\n<p>Ich bin Mitglied\u00a0im <a href=\"https:\/\/www.berufsgenealogie.net\/members\/michael-mautner\" target=\"_blank\" rel=\"noopener noreferrer\">Verband deutschsprachiger Berufsgenealogen e.V.<\/a> und unterliege damit den <a href=\"https:\/\/michael-mautner.com\/verband\">allgemeinen Leitlinien und verbindlichen Berufsgrunds\u00e4tzen<\/a>. Au\u00dferdem bin ich Mitglied in der <a href=\"https:\/\/www.apgen.org\/profiles\/michael-mautner\" target=\"_blank\" rel=\"noopener noreferrer\">Association of Professional Genealogists<\/a>, im <a href=\"http:\/\/www.blf-online.de\/\" target=\"_blank\" rel=\"noopener noreferrer\">Bayerischen Landesverein f\u00fcr Familienkunde e.V.<\/a>, in der <a href=\"http:\/\/www.agoff.de\/\" target=\"_blank\" rel=\"noopener noreferrer\">Arbeitsgemeinschaft ostdeutscher Familienforscher e.V.<\/a> und in der <a href=\"https:\/\/oefr.at\/\" target=\"_blank\" rel=\"noopener\">\u00d6sterreichischen Gesellschaft f\u00fcr Familien- und regonalgeschichliche Forschung<\/a>.<\/p>\n<h2>Erbenermittlung<\/h2>\n<p>Vom <a href=\"http:\/\/www.weinsberger-forum.de\" target=\"_blank\" rel=\"noopener noreferrer\">Weinsberger Forum<\/a> bin ich als <a href=\"http:\/\/michael-mautner.com\/erbenermittler\">Erbenermittler<\/a> und <a href=\"http:\/\/michael-mautner.com\/nachlasspfleger\">Nachlasspfleger<\/a> zertifiziert.<\/p>\n<h2>mehr als Ahnenforschung<\/h2>\n<p>Das Internationale Zentrum f\u00fcr Archivforschung <a href=\"http:\/\/icar-us.eu\/\" target=\"_blank\" rel=\"noopener noreferrer\">ICARus<\/a>, das unter anderem das Online-Portal f\u00fcr Kirchenb\u00fccher <a href=\"http:\/\/data.matricula-online.eu\/de\/\" target=\"_blank\" rel=\"noopener noreferrer\">Matricula<\/a> betreibt, unterst\u00fctze ich durch Mitgliedschaft in der Community <a href=\"http:\/\/icar-us.eu\/icarus4all\/\" target=\"_blank\" rel=\"noopener noreferrer\">ICARUS4all<\/a>. Dar\u00fcber hinaus habe ich mich an der Erfassung der Verlustlisten \u00d6sterreich-Ungarns aus dem ersten Weltkrieg, einem ehrenamtlichen Online-Projek von <a href=\"http:\/\/www.genteam.eu\" target=\"_blank\" rel=\"noopener noreferrer\">www.GenTeam.eu <\/a>beteiligt. Wer schwerpunktm\u00e4\u00dfig in Bayern forsch, kommt an der Geschichte Bayerns nicht vorbei. Daher bin ich Mitglied im <a href=\"https:\/\/freundeskreis-hdbg.de\/\" target=\"_blank\" rel=\"noopener\">Freundeskreis<\/a> <a href=\"https:\/\/www.hdbg.de\/basis\/das-haus\/freundeskreis.html\" target=\"_blank\" rel=\"noopener\">Haus der Bayerischen Geschichte e.V.<\/a><\/p>\n<h2>Namenforschung<\/h2>\n<p>Erg\u00e4nzend zu Ahnen- und Familienforschung kann die <a href=\"https:\/\/de.m.wikipedia.org\/wiki\/Namenforschung\" target=\"_blank\" rel=\"noopener noreferrer\">Namenforschung (Onomastik)<\/a> spannende Zusatzinformationen bieten. Deshalb bin ich Mitglied in der\u00a0<a href=\"http:\/\/www.gfn.name\/ueber-uns\/mitglieder\/\" target=\"_blank\" rel=\"noopener noreferrer\">Deutschen Gesellschaft f\u00fcr Namenforschung e.V.<\/a> Unterst\u00fctzung bekomme ich dabei von der Sprachwissenschaftlerin Dr. Helga Frank. Ebenfalls Mitglied bin ich im <a href=\"https:\/\/orts-flurnamen-bayern.de\/\" target=\"_blank\" rel=\"noopener\">Verband f\u00fcr Orts- und Flurnamenforschung in Bayern e. V.<\/a>, denn gerade in Bayern sind Hausnamen ein wichtiger Bestandteil von Ahnenforschung.<\/p>\n<p>Bevor ich mich hauptberuflich der Genealogie verschrieben habe, war ich als Diplom-Agraringenieur im Handel (Gro\u00df- und Einzelhandel), Vertrieb und Management in der Lebensmittelindustrie und in der Weinbranche t\u00e4tig.<\/p>\n<h3>Auf den Spuren meines Familiennamens &#8211; so fing alles an &#8230;<\/h3>\n<p><img loading=\"lazy\" decoding=\"async\" class=\"alignleft wp-image-178\" src=\"http:\/\/michael-mautner.com\/wp-content\/uploads\/2015\/05\/Mautner-Erhard-CI-1671-300x246.jpg\" alt=\"\" width=\"460\" height=\"377\" srcset=\"https:\/\/michael-mautner.com\/wp-content\/uploads\/2015\/05\/Mautner-Erhard-CI-1671-300x246.jpg 300w, https:\/\/michael-mautner.com\/wp-content\/uploads\/2015\/05\/Mautner-Erhard-CI-1671-450x369.jpg 450w, https:\/\/michael-mautner.com\/wp-content\/uploads\/2015\/05\/Mautner-Erhard-CI-1671.jpg 697w\" sizes=\"auto, (max-width: 460px) 100vw, 460px\" \/>1991 fiel mir als \u00e4ltestes vorhandenes Dokument ein Taufschein von 1867 in die H\u00e4nde und meine Neugierde war geweckt. Also habe ich begonnen, mich mit dem Thema Familien- und Ahnenforschung zu befassen. Ausgangspunkt f\u00fcr die pers\u00f6nliche Forschung war damals eine Reise nach S\u00fcdb\u00f6hmen (Tschechien) ins Staatliche Gebietsarchiv T\u0159ebo\u0148 (ehem. Wittingau).<\/p>\n<p>Gegen eine geringe Geb\u00fchr bekam ich die Kirchenb\u00fccher im Original in meine H\u00e4nde und ich konnte meinen Familiennamen innerhalb einer Woche bis 1636 zur\u00fcckverfolgen. Seitdem hat mich das Thema nicht mehr losgelassen.<\/p>\n<p>Im Laufe der Jahre konnte ich weitere Familienzweige in Bayern, Schlesien (Polen) und Siebenb\u00fcrgen (Rum\u00e4nien) erforschen. Inzwischen ist aus der Leidenschaft eine Berufung und auch ein Beruf geworden, in den ich alle meine Erfahrungen und mein Wissen einbringen kann.<\/p>\n<\/div><\/section>\n","protected":false},"excerpt":{"rendered":"","protected":false},"author":3,"featured_media":0,"parent":0,"menu_order":0,"comment_status":"open","ping_status":"open","template":"","meta":{"footnotes":""},"class_list":["post-548","page","type-page","status-publish","hentry"],"_links":{"self":[{"href":"https:\/\/michael-mautner.com\/fr\/wp-json\/wp\/v2\/pages\/548","targetHints":{"allow":["GET"]}}],"collection":[{"href":"https:\/\/michael-mautner.com\/fr\/wp-json\/wp\/v2\/pages"}],"about":[{"href":"https:\/\/michael-mautner.com\/fr\/wp-json\/wp\/v2\/types\/page"}],"author":[{"embeddable":true,"href":"https:\/\/michael-mautner.com\/fr\/wp-json\/wp\/v2\/users\/3"}],"replies":[{"embeddable":true,"href":"https:\/\/michael-mautner.com\/fr\/wp-json\/wp\/v2\/comments?post=548"}],"version-history":[{"count":12,"href":"https:\/\/michael-mautner.com\/fr\/wp-json\/wp\/v2\/pages\/548\/revisions"}],"predecessor-version":[{"id":1660,"href":"https:\/\/michael-mautner.com\/fr\/wp-json\/wp\/v2\/pages\/548\/revisions\/1660"}],"wp:attachment":[{"href":"https:\/\/michael-mautner.com\/fr\/wp-json\/wp\/v2\/media?parent=548"}],"curies":[{"name":"wp","href":"https:\/\/api.w.org\/{rel}","templated":true}]}}