{"id":513,"date":"2018-08-30T15:09:54","date_gmt":"2018-08-30T15:09:54","guid":{"rendered":"http:\/\/michael-mautner.com\/recherche-genealogique\/ruppersberg"},"modified":"2018-09-01T04:59:48","modified_gmt":"2018-09-01T04:59:48","slug":"ruppersberg","status":"publish","type":"page","link":"https:\/\/michael-mautner.com\/fr\/recherche-genealogique\/ruppersberg","title":{"rendered":"Ruppersberg"},"content":{"rendered":"\n<style type=\"text\/css\" data-created_by=\"avia_inline_auto\" id=\"style-css-av-7893l-eef5df7120372d72c2cb2076060473b3\">\n.flex_column.av-7893l-eef5df7120372d72c2cb2076060473b3{\nborder-radius:0px 0px 0px 0px;\npadding:0px 0px 0px 0px;\n}\n<\/style>\n<div  class='flex_column av-7893l-eef5df7120372d72c2cb2076060473b3 av_one_full  avia-builder-el-0  avia-builder-el-no-sibling  first flex_column_div av-zero-column-padding  '     ><section  class='av_textblock_section av-jgt7ajpq-18e716816cc92a8fea83545d40e90761 '   itemscope=\"itemscope\" itemtype=\"https:\/\/schema.org\/CreativeWork\" ><div class='avia_textblock'  itemprop=\"text\" ><p>La famille RUPPERSBERG<\/p>\n<p>Au cours de mes recherches sur le nom Ruppersberg, <a href=\"https:\/\/michael-mautner.com\/fr\/recherche-genealogique\/ruppersberg\/histoire-de-la-famille-ruppersberg\">trois livres<\/a> traitant de \u00ab\u00a0l&rsquo;histoire de la famille Ruppersberg\u00a0\u00bb sont tomb\u00e9s entre mes mains. Le premier a \u00e9t\u00e9 \u00e9crit en 1929 par l&rsquo;enseignant et historien local Karl Albert Ruppersberg. Les deux autres ont \u00e9t\u00e9 publi\u00e9s en 1931 et 1933 par Karl Justi, cousin d&rsquo;Albert Ruppersberg, m\u00e9decin et historien local. Vous pouvez trouver les trois livres ici.<\/p>\n<p>Albert Ruppersberg d\u00e9crit dans son histoire familiale l&rsquo;origine du nom, ses anc\u00eatres jusqu&rsquo;au 16\u00e8me si\u00e8cle, ses parents et leurs fr\u00e8res et s\u0153urs, ses fr\u00e8res et s\u0153urs et leurs descendants, ainsi que sa vie en d\u00e9tail. Parmi ces parents se trouve la s\u0153ur de son p\u00e8re Eleonore Ruppersberg, mari\u00e9 \u00e0 Johann Rudolf Wild. Sa tante Henrietta Dorothea Wild \u00e9tait la femme de Wilhelm Grimm.<\/p>\n<p>La pharmacie unicorne de Marburg est \u00e9troitement li\u00e9e au nom Ruppersberg, qui a appartenu \u00e0 la famille pendant pr\u00e8s de 200 ans. Ceci est \u00e9galement mentionn\u00e9 dans le livret.<\/p>\n<p>Comme suppl\u00e9ment \u00e0 la page 76 de l&rsquo;histoire de sa famille, Albert Ruppersberg a montr\u00e9 la descendance directe de Lucas Cranach l&rsquo;Ancien et la communaut\u00e9 ancestrale avec Johann Wolfgang von Goethe qui existe dans cette lign\u00e9e. Le dernier pharmacien nomm\u00e9 ici Ruppersberg \u00e9tait Karl Gottlieb, le p\u00e8re de l&rsquo;auteur.<\/p>\n<p><a href=\"http:\/\/ruppersberg.de\/my_documents\/Ruppersberg_Geschichte.pdf\"><img loading=\"lazy\" decoding=\"async\" class=\"aligncenter wp-image-361 size-large\" src=\"http:\/\/michael-mautner.com\/wp-content\/uploads\/2018\/05\/Ruppersberg-Cranach-768x1030.jpg\" alt=\"\" width=\"768\" height=\"1030\" srcset=\"https:\/\/michael-mautner.com\/wp-content\/uploads\/2018\/05\/Ruppersberg-Cranach-768x1030.jpg 768w, https:\/\/michael-mautner.com\/wp-content\/uploads\/2018\/05\/Ruppersberg-Cranach-224x300.jpg 224w, https:\/\/michael-mautner.com\/wp-content\/uploads\/2018\/05\/Ruppersberg-Cranach-1119x1500.jpg 1119w, https:\/\/michael-mautner.com\/wp-content\/uploads\/2018\/05\/Ruppersberg-Cranach-526x705.jpg 526w, https:\/\/michael-mautner.com\/wp-content\/uploads\/2018\/05\/Ruppersberg-Cranach-450x603.jpg 450w\" sizes=\"auto, (max-width: 768px) 100vw, 768px\" \/><\/a><\/p>\n<p>Sur les pages de la <a href=\"http:\/\/www.goethe-genealogie.de\/al_goethe_html\/html\/frames.htm\" target=\"_blank\" rel=\"noopener\">Goethe-Genealogie<\/a>, les anc\u00eatres de Wilhelmine Adelheid Seip sont conduits \u00e0 Charlemagne.<\/p>\n<\/div><\/section><\/div>\n","protected":false},"excerpt":{"rendered":"","protected":false},"author":3,"featured_media":0,"parent":504,"menu_order":0,"comment_status":"closed","ping_status":"closed","template":"","meta":{"footnotes":""},"class_list":["post-513","page","type-page","status-publish","hentry"],"_links":{"self":[{"href":"https:\/\/michael-mautner.com\/fr\/wp-json\/wp\/v2\/pages\/513","targetHints":{"allow":["GET"]}}],"collection":[{"href":"https:\/\/michael-mautner.com\/fr\/wp-json\/wp\/v2\/pages"}],"about":[{"href":"https:\/\/michael-mautner.com\/fr\/wp-json\/wp\/v2\/types\/page"}],"author":[{"embeddable":true,"href":"https:\/\/michael-mautner.com\/fr\/wp-json\/wp\/v2\/users\/3"}],"replies":[{"embeddable":true,"href":"https:\/\/michael-mautner.com\/fr\/wp-json\/wp\/v2\/comments?post=513"}],"version-history":[{"count":6,"href":"https:\/\/michael-mautner.com\/fr\/wp-json\/wp\/v2\/pages\/513\/revisions"}],"predecessor-version":[{"id":646,"href":"https:\/\/michael-mautner.com\/fr\/wp-json\/wp\/v2\/pages\/513\/revisions\/646"}],"up":[{"embeddable":true,"href":"https:\/\/michael-mautner.com\/fr\/wp-json\/wp\/v2\/pages\/504"}],"wp:attachment":[{"href":"https:\/\/michael-mautner.com\/fr\/wp-json\/wp\/v2\/media?parent=513"}],"curies":[{"name":"wp","href":"https:\/\/api.w.org\/{rel}","templated":true}]}}