{"id":509,"date":"2018-08-30T15:04:45","date_gmt":"2018-08-30T15:04:45","guid":{"rendered":"http:\/\/michael-mautner.com\/recherche-genealogique\/poepelt"},"modified":"2018-09-17T08:28:12","modified_gmt":"2018-09-17T08:28:12","slug":"poepelt","status":"publish","type":"page","link":"https:\/\/michael-mautner.com\/fr\/recherche-genealogique\/poepelt","title":{"rendered":"P\u00f6pelt"},"content":{"rendered":"<h5>Recherche de nom et de famille P\u00d6PELTT<\/h5>\n<p>Mon p\u00e8re s&rsquo;appelait <a href=\"https:\/\/michael-mautner.com\/fr\/recherche-genealogique\/poepelt\/les-ancetres-poepelt-de-silesie\">P\u00f6pelt<\/a> et est n\u00e9 en 1926 dans le petit village de rue d&rsquo;Ebersdorf en Basse-Sil\u00e9sie dans le <a href=\"https:\/\/de.wikipedia.org\/wiki\/Landkreis_Schweidnitz\" target=\"_blank\" rel=\"noopener\">district de Schweidnitz<\/a>, plus tard <a href=\"https:\/\/de.wikipedia.org\/wiki\/Landkreis_Neumarkt\" target=\"_blank\" rel=\"noopener\">Neumarkt<\/a>, et baptis\u00e9 dans l&rsquo;\u00e9glise paroissiale catholique de Bockau voisin. Il a d\u00e9m\u00e9nag\u00e9 \u00e0 <a href=\"https:\/\/www.google.com\/maps\/place\/58-130+%C5%BBar%C3%B3w,+Polen\/@50.9431626,16.4690605,13.25z\/data=!4m5!3m4!1s0x470fade1e75b3573:0xbba82a1234ea978d!8m2!3d50.94076!4d16.49474\" target=\"_blank\" rel=\"noopener\">Saarau<\/a>, o\u00f9 il a fr\u00e9quent\u00e9 l&rsquo;\u00e9cole primaire, deux ans plus tard le <a href=\"https:\/\/fr.wikipedia.org\/wiki\/Coll%C3%A8ge_des_J%C3%A9suites_de_Breslau\" target=\"_blank\" rel=\"noopener\">Matthias-Gymnasium<\/a> de Breslau, aujourd&rsquo;hui si\u00e8ge de l&rsquo;<a href=\"https:\/\/fr.wikipedia.org\/wiki\/Ossolineum\" target=\"_blank\" rel=\"noopener\">Ossolineum<\/a>. Mon grand-p\u00e8re \u00e9tait originaire d&rsquo;<a href=\"https:\/\/de.wikipedia.org\/wiki\/Osiek_(Powiat_%C5%9Aredzki)\" target=\"_blank\" rel=\"noopener\">Ossig<\/a>, dont le p\u00e8re \u00e9tait originaire de Pohlsdorf (Pologne : <a href=\"https:\/\/www.google.de\/maps\/place\/55-311+Pa%C5%BAdziorno,+Polen\/@51.0195868,16.6169319,14z\/data=!3m1!4b1!4m5!3m4!1s0x470fba674362a4c3:0x96a4d1060b2ea5ff!8m2!3d51.0195886!4d16.6344415?dcr=0\" target=\"_blank\" rel=\"noopener\">Pa\u017adziorno<\/a>). Les autres anc\u00eatres trouv\u00e9s vivaient \u00e0 Eisendorf (polonais : <a href=\"https:\/\/www.google.de\/maps\/place\/55-340+Jarost%C3%B3w,+Polen\/@51.0749012,16.4633154,15z\/data=!3m1!4b1!4m5!3m4!1s0x470fa42817eb2bb7:0xc66a061ef6e04376!8m2!3d51.074902!4d16.4720702?dcr=0\" target=\"_blank\" rel=\"noopener\">Jarost\u00f3w<\/a>), qui appartenait \u00e0 la paroisse d&rsquo;Ober Mois (polonais : <a href=\"https:\/\/www.google.de\/maps\/place\/55-340+Ujazd+G%C3%B3rny,+Polen\/@51.0842405,16.4937177,15z\/data=!3m1!4b1!4m5!3m4!1s0x470fa415b943b733:0xaff06558cf821c0f!8m2!3d51.0842413!4d16.5024725?dcr=0\" target=\"_blank\" rel=\"noopener\">Ujazd G\u00f3rny<\/a>). Les registres de l&rsquo;\u00e9glise y sont conserv\u00e9s depuis 1777. Le dernier anc\u00eatre P\u00f6pelt connu par son nom est mort en 1850 \u00e0 l&rsquo;\u00e2ge de 80 ans, c&rsquo;est-\u00e0-dire qu&rsquo;il est n\u00e9 vers 1770.<\/p>\n<p>Aujourd&rsquo;hui il y a le nom P\u00f6pelt encore environ 70 fois en Allemagne (\u00e0 partir de 2008).<\/p>\n<p>Un projet est d&rsquo;enregistrer les anc\u00eatres des noms P\u00f6pelt encore vivants aujourd&rsquo;hui et de documenter leurs origines. A cette fin, j&rsquo;ai envoy\u00e9 des lettres \u00e0 toutes les adresses accessibles sur Internet. Parmi eux, il y a aussi les descendants des fr\u00e8res et s\u0153urs de mon grand-p\u00e8re, avec qui je n&rsquo;ai eu aucun contact jusqu&rsquo;\u00e0 pr\u00e9sent, mais aussi des porteurs de noms, avec lesquels je n&rsquo;ai pu trouver aucun lien de parent\u00e9 jusqu&rsquo;\u00e0 pr\u00e9sent.<\/p>\n<p>De plus, le but du projet est de d\u00e9chiffrer la signification et l&rsquo;origine du nom.<\/p>\n<p>Si vous avez des questions ou des suggestions, n&rsquo;h\u00e9sitez pas \u00e0 me contacter : <a href=\"mailto:ahnen@michael-mautner.de\">ahnen@michael-mautner.de<\/a>.<\/p>\n","protected":false},"excerpt":{"rendered":"<p>Recherche de nom et de famille P\u00d6PELTT Mon p\u00e8re s&rsquo;appelait P\u00f6pelt et est n\u00e9 en 1926 dans le petit village de rue d&rsquo;Ebersdorf en Basse-Sil\u00e9sie dans le district de Schweidnitz, plus tard Neumarkt, et baptis\u00e9 dans l&rsquo;\u00e9glise paroissiale catholique de Bockau voisin. Il a d\u00e9m\u00e9nag\u00e9 \u00e0 Saarau, o\u00f9 il a fr\u00e9quent\u00e9 l&rsquo;\u00e9cole primaire, deux ans [&hellip;]<\/p>\n","protected":false},"author":3,"featured_media":0,"parent":504,"menu_order":0,"comment_status":"closed","ping_status":"closed","template":"","meta":{"footnotes":""},"class_list":["post-509","page","type-page","status-publish","hentry"],"_links":{"self":[{"href":"https:\/\/michael-mautner.com\/fr\/wp-json\/wp\/v2\/pages\/509","targetHints":{"allow":["GET"]}}],"collection":[{"href":"https:\/\/michael-mautner.com\/fr\/wp-json\/wp\/v2\/pages"}],"about":[{"href":"https:\/\/michael-mautner.com\/fr\/wp-json\/wp\/v2\/types\/page"}],"author":[{"embeddable":true,"href":"https:\/\/michael-mautner.com\/fr\/wp-json\/wp\/v2\/users\/3"}],"replies":[{"embeddable":true,"href":"https:\/\/michael-mautner.com\/fr\/wp-json\/wp\/v2\/comments?post=509"}],"version-history":[{"count":4,"href":"https:\/\/michael-mautner.com\/fr\/wp-json\/wp\/v2\/pages\/509\/revisions"}],"predecessor-version":[{"id":700,"href":"https:\/\/michael-mautner.com\/fr\/wp-json\/wp\/v2\/pages\/509\/revisions\/700"}],"up":[{"embeddable":true,"href":"https:\/\/michael-mautner.com\/fr\/wp-json\/wp\/v2\/pages\/504"}],"wp:attachment":[{"href":"https:\/\/michael-mautner.com\/fr\/wp-json\/wp\/v2\/media?parent=509"}],"curies":[{"name":"wp","href":"https:\/\/api.w.org\/{rel}","templated":true}]}}