{"id":504,"date":"2018-08-30T15:03:45","date_gmt":"2018-08-30T15:03:45","guid":{"rendered":"http:\/\/michael-mautner.com\/recherche-genealogique"},"modified":"2025-05-31T12:11:08","modified_gmt":"2025-05-31T12:11:08","slug":"recherche-genealogique","status":"publish","type":"page","link":"https:\/\/michael-mautner.com\/fr\/recherche-genealogique","title":{"rendered":"Recherche g\u00e9n\u00e9alogique"},"content":{"rendered":"<section  class='av_textblock_section av-3n0d-49d2d07bf6f37aac197d81e68edce2f6 '   itemscope=\"itemscope\" itemtype=\"https:\/\/schema.org\/CreativeWork\" ><div class='avia_textblock av_inherit_color'  itemprop=\"text\" ><div id=\"bildoben\"><img loading=\"lazy\" decoding=\"async\" class=\"aligncenter wp-image-72 size-full\" src=\"http:\/\/michael-mautner.com\/wp-content\/uploads\/2015\/05\/GenealogieAP2.jpg\" alt=\"GenealogieAP2\" width=\"3796\" height=\"1332\" srcset=\"https:\/\/michael-mautner.com\/wp-content\/uploads\/2015\/05\/GenealogieAP2.jpg 3796w, https:\/\/michael-mautner.com\/wp-content\/uploads\/2015\/05\/GenealogieAP2-300x105.jpg 300w, https:\/\/michael-mautner.com\/wp-content\/uploads\/2015\/05\/GenealogieAP2-1030x361.jpg 1030w, https:\/\/michael-mautner.com\/wp-content\/uploads\/2015\/05\/GenealogieAP2-1500x526.jpg 1500w, https:\/\/michael-mautner.com\/wp-content\/uploads\/2015\/05\/GenealogieAP2-705x247.jpg 705w, https:\/\/michael-mautner.com\/wp-content\/uploads\/2015\/05\/GenealogieAP2-450x158.jpg 450w\" sizes=\"auto, (max-width: 3796px) 100vw, 3796px\" \/><\/div>\n<p>La recherche sur la famille, en fait la recherche sur l&rsquo;histoire de la famille ou la g\u00e9n\u00e9alogie, souvent simplement appel\u00e9e g\u00e9n\u00e9alogie, est un sujet qui attire de plus en plus de gens.<\/p>\n<p>La recherche familiale est un chemin tr\u00e8s personnel vers vos anc\u00eatres, l&rsquo;histoire de votre famille et de nombreux \u00e9v\u00e9nements \u00e9mouvants en Europe et dans le monde. Vous apprendrez non seulement \u00e0 mieux comprendre les empreintes de votre famille, mais aussi \u00e0 mieux comprendre les liens entre l&rsquo;histoire et l&rsquo;\u00e9volution de nos anc\u00eatres.<\/p>\n<p>Un de mes projets personnels que vous pouvez trouver <a href=\"https:\/\/michael-mautner.com\/fr\/recherche-genealogique\/poepelt\" rel=\"noopener\">ICI.<\/a><\/p>\n<\/div><\/section>\n","protected":false},"excerpt":{"rendered":"","protected":false},"author":3,"featured_media":0,"parent":0,"menu_order":0,"comment_status":"open","ping_status":"open","template":"","meta":{"footnotes":""},"class_list":["post-504","page","type-page","status-publish","hentry"],"_links":{"self":[{"href":"https:\/\/michael-mautner.com\/fr\/wp-json\/wp\/v2\/pages\/504","targetHints":{"allow":["GET"]}}],"collection":[{"href":"https:\/\/michael-mautner.com\/fr\/wp-json\/wp\/v2\/pages"}],"about":[{"href":"https:\/\/michael-mautner.com\/fr\/wp-json\/wp\/v2\/types\/page"}],"author":[{"embeddable":true,"href":"https:\/\/michael-mautner.com\/fr\/wp-json\/wp\/v2\/users\/3"}],"replies":[{"embeddable":true,"href":"https:\/\/michael-mautner.com\/fr\/wp-json\/wp\/v2\/comments?post=504"}],"version-history":[{"count":8,"href":"https:\/\/michael-mautner.com\/fr\/wp-json\/wp\/v2\/pages\/504\/revisions"}],"predecessor-version":[{"id":2209,"href":"https:\/\/michael-mautner.com\/fr\/wp-json\/wp\/v2\/pages\/504\/revisions\/2209"}],"wp:attachment":[{"href":"https:\/\/michael-mautner.com\/fr\/wp-json\/wp\/v2\/media?parent=504"}],"curies":[{"name":"wp","href":"https:\/\/api.w.org\/{rel}","templated":true}]}}