{"id":1930,"date":"2024-12-07T14:17:02","date_gmt":"2024-12-07T14:17:02","guid":{"rendered":"https:\/\/michael-mautner.com\/recherche-genealogique\/beratung-zum-thema-familienforschung"},"modified":"2025-05-31T12:23:52","modified_gmt":"2025-05-31T12:23:52","slug":"beratung-zum-thema-familienforschung","status":"publish","type":"page","link":"https:\/\/michael-mautner.com\/fr\/recherche-genealogique\/beratung-zum-thema-familienforschung","title":{"rendered":"Beratung zum Thema Familienforschung"},"content":{"rendered":"<h5>Conseil en recherche familiale<\/h5>\n<p>Le samedi 16 mars 2024, de 10h \u00e0 16h, il \u00e9tait possible de se faire conseiller sur toutes les questions relatives \u00e0 la \u00ab <a href=\"https:\/\/www.blf-online.de\/termin\/6097\" target=\"_blank\" rel=\"noopener\">recherche g\u00e9n\u00e9alogique<\/a> \u00bb. En collaboration entre <a href=\"https:\/\/www.archiv-planegg.de\/\" target=\"_blank\" rel=\"noopener\">les archives communales de Planegg<\/a> et le <a href=\"https:\/\/www.blf-online.de\/steckbrief\" target=\"_blank\" rel=\"noopener\">Bayerischen Landesverein f\u00fcr Familienkunde e.V.<\/a> (BLF), il \u00e9tait possible de communiquer un th\u00e8me qui serait ensuite trait\u00e9 de mani\u00e8re comp\u00e9tente, personnelle et individuelle lors d&rsquo;un entretien de consultation de 45 minutes.<\/p>\n<p>Barbara Reinicke, la directrice des <a href=\"https:\/\/www.archiv-planegg.de\/archiv\/ansprechpartnerinnen\" target=\"_blank\" rel=\"noopener\">archives communales de Planegg<\/a>, avait re\u00e7u les sujets avec beaucoup d&rsquo;engagement au pr\u00e9alable et effectu\u00e9 les premi\u00e8res recherches pr\u00e9liminaires. Monsieur M\u00fcller, responsable du <a href=\"https:\/\/www.blf-online.de\/leitung-bezirksgruppe-oberbayern\" target=\"_blank\" rel=\"noopener\">groupe de district de Haute-Bavi\u00e8re de la BLF<\/a>, responsable du contenu de la journ\u00e9e, a rassembl\u00e9 les demandes et r\u00e9parti les conseillers pour les entretiens respectifs. Avec le soutien des membres du groupe r\u00e9gional de Haute-Bavi\u00e8re, les locaux des archives communales de Planegg ont \u00e9t\u00e9 transform\u00e9s en un \u00ab centre de recherche g\u00e9n\u00e9alogique \u00bb temporaire, selon Mme Reinicke. Non seulement la directrice des archives, mais aussi tous les visiteurs \u00e9taient enthousiastes.<\/p>\n<p>J&rsquo;ai \u00e9galement pu apporter des conseils, de l&rsquo;aide et des premi\u00e8res recherches \u00e0 quatre <a href=\"https:\/\/michael-mautner.com\/familienforschung\/beratung\/hilfestellung-bei-der-suche\">demandes d&rsquo;aide<\/a>.<\/p>\n","protected":false},"excerpt":{"rendered":"<p>Conseil en recherche familiale Le samedi 16 mars 2024, de 10h \u00e0 16h, il \u00e9tait possible de se faire conseiller sur toutes les questions relatives \u00e0 la \u00ab recherche g\u00e9n\u00e9alogique \u00bb. En collaboration entre les archives communales de Planegg et le Bayerischen Landesverein f\u00fcr Familienkunde e.V. (BLF), il \u00e9tait possible de communiquer un th\u00e8me qui [&hellip;]<\/p>\n","protected":false},"author":5,"featured_media":0,"parent":504,"menu_order":0,"comment_status":"closed","ping_status":"closed","template":"","meta":{"footnotes":""},"class_list":["post-1930","page","type-page","status-publish","hentry"],"_links":{"self":[{"href":"https:\/\/michael-mautner.com\/fr\/wp-json\/wp\/v2\/pages\/1930","targetHints":{"allow":["GET"]}}],"collection":[{"href":"https:\/\/michael-mautner.com\/fr\/wp-json\/wp\/v2\/pages"}],"about":[{"href":"https:\/\/michael-mautner.com\/fr\/wp-json\/wp\/v2\/types\/page"}],"author":[{"embeddable":true,"href":"https:\/\/michael-mautner.com\/fr\/wp-json\/wp\/v2\/users\/5"}],"replies":[{"embeddable":true,"href":"https:\/\/michael-mautner.com\/fr\/wp-json\/wp\/v2\/comments?post=1930"}],"version-history":[{"count":3,"href":"https:\/\/michael-mautner.com\/fr\/wp-json\/wp\/v2\/pages\/1930\/revisions"}],"predecessor-version":[{"id":2218,"href":"https:\/\/michael-mautner.com\/fr\/wp-json\/wp\/v2\/pages\/1930\/revisions\/2218"}],"up":[{"embeddable":true,"href":"https:\/\/michael-mautner.com\/fr\/wp-json\/wp\/v2\/pages\/504"}],"wp:attachment":[{"href":"https:\/\/michael-mautner.com\/fr\/wp-json\/wp\/v2\/media?parent=1930"}],"curies":[{"name":"wp","href":"https:\/\/api.w.org\/{rel}","templated":true}]}}