{"id":940,"date":"2020-06-13T12:53:53","date_gmt":"2020-06-13T12:53:53","guid":{"rendered":"http:\/\/michael-mautner.com\/genealogy\/interview-on-the-topic-of-family-research"},"modified":"2022-10-17T14:00:48","modified_gmt":"2022-10-17T14:00:48","slug":"interview-on-the-topic-of-family-research","status":"publish","type":"page","link":"https:\/\/michael-mautner.com\/en\/genealogy\/interview-on-the-topic-of-family-research","title":{"rendered":"Interview on the topic of family research"},"content":{"rendered":"<h5>Interview by Susanne Schr\u00f6der<\/h5>\n<p>At the end of October 2019 I was asked if I will give an interview for the Christmas issue 2019 of the theme magazine of the Evangelische <a href=\"http:\/\/www.sonntagsblatt.de\" target=\"_blank\" rel=\"noopener noreferrer\">Sonntagsblatt<\/a> f\u00fcr Bayern. Topic of the magazine &#8220;Holy Family &#8211; Family Stories in Bible and Present&#8221;. I gladly said yes to this. And so I told Susanne Schr\u00f6der from the editorial office in Munich-Upper Bavaria about my work. The result is a wonderful text, which Dorothee Sch\u00f6pfer also copied in the Evangelisches Gemeindeblatt f\u00fcr W\u00fcrttemberg in January 2020. Click <a href=\"https:\/\/michael-mautner.com\/en\/genealogy\/interview-on-the-topic-of-family-research\/in-search-of-the-roots\">here<\/a> for the interview.<\/p>\n<p>Responsible for the content is the editorial office, the copyright is with the <a href=\"https:\/\/www.epv.de\/\" target=\"_blank\" rel=\"noopener noreferrer\">Evangelischer Presseverband<\/a>.<\/p>\n","protected":false},"excerpt":{"rendered":"<p>Interview by Susanne Schr\u00f6der At the end of October 2019 I was asked if I will give an interview for the Christmas issue 2019 of the theme magazine of the Evangelische Sonntagsblatt f\u00fcr Bayern. Topic of the magazine &#8220;Holy Family &#8211; Family Stories in Bible and Present&#8221;. I gladly said yes to this. And so [&hellip;]<\/p>\n","protected":false},"author":3,"featured_media":0,"parent":340,"menu_order":0,"comment_status":"closed","ping_status":"closed","template":"","meta":{"footnotes":""},"class_list":["post-940","page","type-page","status-publish","hentry"],"_links":{"self":[{"href":"https:\/\/michael-mautner.com\/en\/wp-json\/wp\/v2\/pages\/940","targetHints":{"allow":["GET"]}}],"collection":[{"href":"https:\/\/michael-mautner.com\/en\/wp-json\/wp\/v2\/pages"}],"about":[{"href":"https:\/\/michael-mautner.com\/en\/wp-json\/wp\/v2\/types\/page"}],"author":[{"embeddable":true,"href":"https:\/\/michael-mautner.com\/en\/wp-json\/wp\/v2\/users\/3"}],"replies":[{"embeddable":true,"href":"https:\/\/michael-mautner.com\/en\/wp-json\/wp\/v2\/comments?post=940"}],"version-history":[{"count":3,"href":"https:\/\/michael-mautner.com\/en\/wp-json\/wp\/v2\/pages\/940\/revisions"}],"predecessor-version":[{"id":1909,"href":"https:\/\/michael-mautner.com\/en\/wp-json\/wp\/v2\/pages\/940\/revisions\/1909"}],"up":[{"embeddable":true,"href":"https:\/\/michael-mautner.com\/en\/wp-json\/wp\/v2\/pages\/340"}],"wp:attachment":[{"href":"https:\/\/michael-mautner.com\/en\/wp-json\/wp\/v2\/media?parent=940"}],"curies":[{"name":"wp","href":"https:\/\/api.w.org\/{rel}","templated":true}]}}