{"id":588,"date":"2018-08-31T05:52:42","date_gmt":"2018-08-31T05:52:42","guid":{"rendered":"http:\/\/michael-mautner.com\/genealogy\/projekt\/poepelt-ancestors-from-silesia"},"modified":"2018-08-31T05:54:57","modified_gmt":"2018-08-31T05:54:57","slug":"poepelt-ancestors-from-silesia","status":"publish","type":"page","link":"https:\/\/michael-mautner.com\/en\/genealogy\/projekt\/poepelt-ancestors-from-silesia","title":{"rendered":"P\u00f6pelt ancestors from Silesia"},"content":{"rendered":"<h4><strong>The ancestors of the P\u00f6pelt line of my children<\/strong><\/h4>\n<p>&nbsp;<\/p>\n<p><strong>1a. <span class=\"Unicode\">&#x2642;<\/span><\/strong> <strong>Mautner<\/strong><\/p>\n<p><strong>1b. <span class=\"Unicode\">&#x2642;<\/span> Mautner<\/strong><\/p>\n<p>&nbsp;<\/p>\n<h5><strong>erste Ahnenreihe &#8211; <a href=\"http:\/\/wiki-de.genealogy.net\/Ahnenbezeichnungen\" target=\"_blank\" rel=\"noopener\">Eltern<\/a><br \/>\n<\/strong><\/h5>\n<p><strong>2 . <\/strong>Michael Josef<strong> P\u00f6pelt<\/strong>, * in <a href=\"http:\/\/www.aschaffenburg.de\/de\/\">Aschaffenburg<\/a><\/p>\n<p>o|o<\/p>\n<p><strong>3 . <span class=\"Unicode\">&#x2640;<\/span> MAUTNER<\/strong><\/p>\n<p>&nbsp;<\/p>\n<h5><strong>zweite Ahnenreihe &#8211; Gro\u00dfeltern<br \/>\n<\/strong><\/h5>\n<p><strong>4 . <span class=\"Unicode\">&#x2642;<\/span> P\u00d6PELT,<\/strong>\u00a0 * 1926 in <a href=\"https:\/\/pl.wikipedia.org\/wiki\/Dzikowa\" target=\"_blank\" rel=\"noopener\">Ebersdorf<\/a>\/Niederschlesien, + 2014 in <a href=\"http:\/\/www.muenchen.de\/\">M\u00fcnchen<\/a>, [] 2014\u00a0 in <a href=\"http:\/\/www.holzkirchen.de\/\">Holzkirchen<\/a><\/p>\n<p>oo 1955 <a href=\"http:\/\/www.holzkirchen.de\/\">Holzkirchen<\/a>&#8211;<a href=\"https:\/\/www.kath-kirche-holzkirchen.de\/\">St. Laurentius<\/a><\/p>\n<p><strong>5 . <\/strong><strong><span class=\"Unicode\">&#x2640;<\/span> Ziereis<\/strong>, * 1932 <a href=\"http:\/\/www.holzkirchen.de\/\">Holzkirchen<\/a>, + 1992 <a href=\"http:\/\/www.muenchen.de\/\">M\u00fcnchen<\/a>, [] 1992 <a href=\"http:\/\/www.holzkirchen.de\/\">Holzkirchen<\/a><\/p>\n<p>&nbsp;<\/p>\n<h5><strong>dritte Ahnenreihe &#8211; Urgro\u00dfeltern<br \/>\n<\/strong><\/h5>\n<p><strong>8.<\/strong> Josef Gregor<strong> P\u00d6PELT<\/strong>, rk, *\/~ 31.01.1899 in <a href=\"http:\/\/www.denkmalprojekt.org\/2010\/ossig_wk2_nschl.htm\" target=\"_blank\" rel=\"noopener\">Ossig<\/a>, + 12.07.1986 in Holzkirchen, [] 17.07.1986 in Holzkirchen<\/p>\n<p>oo 15.10.1923 in Ingramsdorf<\/p>\n<p><strong>9.<\/strong> Anna <strong>Exner<\/strong>, rk, * 11.03.1899 in <a href=\"http:\/\/www.denkmalprojekt.org\/2012\/ingramsdorf_lk-schweidnitz_woiwod-niederschlesien_1870_wk1_po.html\" target=\"_blank\" rel=\"noopener\">Ingramsdorf<\/a> , + Holzkirchen 28.02.1983, [] Holzkirchen 03.03.1983<\/p>\n<p>&nbsp;<\/p>\n<h5>vierte Ahnenreihe &#8211; Alteltern<\/h5>\n<p><strong>16.<\/strong> Carl Joseph August <strong>P\u00d6PELT<\/strong>, rk, Landwirt, Tagearbeiter, Viktualienh\u00e4ndler, * Pohlsdorf 07.12.1859, ~ Pohlsdorf 11.12.1859, Taufpaten: Johanna <strong>Barthel<\/strong>, Joseph <strong>Sch\u00fcller<\/strong>, Joseph <strong>Mitschke <\/strong>(B Gr. Peterwitz Nr. 21 1843\/1874),\u00a0 + Ossig 20.09.1943<\/p>\n<p>oo I 11.1882<\/p>\n<p>Anna G\u00fcttler, * 08.08.1858<\/p>\n<p>ooII Ossig 22.09.1885 (C Ossig 3\/1885)<\/p>\n<p><strong>17.<\/strong> Anna<strong> Langer<\/strong>, rk, Hausfrau, * Ossig 30.06.1860, ~ Ossig 01.07.1860, + Ossig 04.08.1928<\/p>\n<p>&nbsp;<\/p>\n<p><strong>18.<\/strong> Josef August Paul <strong>EXNER<\/strong>, rk, Kutscher, Bahnarbeiter, * Sablath (Gr\u00e4bendorf) 23.07.1871, ~ Kostenbluth 23.07.1871 (B Kostenbluth 40\/1871), + vermisst im 2. Weltkrieg seit Fr\u00fchjahr 1945, [] nach Bombenangriff bei Schweidnitz, lt Kirchl. Suchdienst lebte er 1939 in Igramsdorf. Letzte Nachricht aus Schweidnitz<\/p>\n<p>oo Konradswaldau 30.06.1895 (C Konradswaldau 13\/1895)<\/p>\n<p><strong>19.<\/strong> Maria Josepha Auguste <strong>Schenk<\/strong>, rk, Hausfrau, * Pitschen 13.07.1872, ~ Ingramsdorf 21.07.1872 (B Ingramsdorf 15\/1872), + Schweidnitz 23.09.1939<\/p>\n<p>&nbsp;<\/p>\n<p>&nbsp;<\/p>\n<h5>f\u00fcnfte Anhnenreihe &#8211; Altgro\u00dfeltern<\/h5>\n<p><strong>32.<\/strong> Carl <strong>P\u00d6PELT<\/strong>, rk, Zimmermann, * Eisendorf 01.11.1821 um 19 Uhr, ~ Obermois 02.11.1821, Taufpaten: Jungfer Hedwige <strong>Reimann<\/strong>, Junggesell Carl <strong>Lindner<\/strong>, Theresia <strong>Thiel <\/strong>(B Obermois 568b)<\/p>\n<p>oo Gro\u00df Peterwitz 26.07.1858 (C Gro\u00df Peterwitz 4\/1858)<\/p>\n<p><strong>33.<\/strong> Maria Barbara Hedwig <strong>Sch\u00fcller<\/strong>, rk, Hausfrau, * Bertholdsdorf 16.09.1822, ~ Bertholdsdorf 17.09.1822, Taufpaten: Ignatz <strong>Werner<\/strong>, Anna Rosina <strong>M\u00fcnch<\/strong>, Franz <strong>G\u00fcttler<\/strong>, Maria Barbara <strong>Wiesner <\/strong>(B Bertholdsdorf 34\/1822)<\/p>\n<p>ooI um 1840<\/p>\n<p>N.N. <strong>JUNG<\/strong><\/p>\n<p>&nbsp;<\/p>\n<p><strong>34.<\/strong> Johann Heinrich Wilhelm <strong>LANGER<\/strong>, rk, Dienstknecht, * Klein Schosnitz 04.07.1828, ~ Schosnitz, 04.07.1828, + 06.01.1886 (B Schosnitz 8\/1828)<\/p>\n<p>ooI Ossig 15.11.1857 (C Ossig 19\/1857)<\/p>\n<p><strong>35.<\/strong> Theresia <strong>Band<\/strong>, rk, Hausfrau, * Ossig 25.12.1828, ~ Ossig 27.12.1828, + 24.06.1875<\/p>\n<p>ooII 01.10.1875<\/p>\n<p>Johanna <strong>Band<\/strong>, Schwester von 35.<\/p>\n<p>&nbsp;<\/p>\n<p><strong>36.<\/strong> Johann Carl August <strong>EXNER<\/strong>, rk, Tagearbeiter, * Kostenbluth 25.08.1846, ~ Kostenbluth 25.08.1846, + Keulendorf 24.09.1907 (B Kostenbluth 50\/1846)<\/p>\n<p>oo Kostenbluth 22.10.1871 (C Kostenbluth 6\/1871)<\/p>\n<p><strong>37.<\/strong> Maria Carolina Theresia<strong> Wittig<\/strong>, rk, * Sablath (Gr\u00e4bendorf) 08.09.1846, ~ Kostenbluth 09.09.1846, + Sablath (Gr\u00e4bendorf) 21.01.1913 (B Kostenbluth 55\/1846)<\/p>\n<p>&nbsp;<\/p>\n<p><strong>38.<\/strong> Franz<strong> SCHENK<\/strong>, rk, Tagearbeiter, * Kostenbluth 01.06.1846, ~ Kostenbluth 01.06.1846 (B Kostenblut 27\/1846), + Ingramsdorf 14.05.1907, [] Konradswaldau? (D Konradswaldau 1907\/31)<\/p>\n<p>oo Ingramsdorf 12.11.1871 (C Ingramsdorf 6\/1871)<\/p>\n<p><strong>39.<\/strong>\u00a0ANNA Rosina Helene <strong>W\u00f6lfel<\/strong>, ev -&gt; rk, * Neuhof 31.03.1848, ~ Metschkau 02.04.1848 (B Metschkau 18\/1848), + Ingramsdorf 04.10.1903 (D Konradswaldau 79\/1903)<\/p>\n<p>&nbsp;<\/p>\n<p>&nbsp;<\/p>\n<h5>sechste Anhnenreihe &#8211; Alturgro\u00dfeltern<\/h5>\n<p><strong>64.<\/strong> August<strong> P\u00d6PELT (P\u00f6ppelt, Pepelt),<\/strong> rk, Dreschg\u00e4rtner, Freistellenbesitzer, * 1770, + Eisendorf 26.02.1850, [] 01.03.1850, TU Altersschw\u00e4che, 80 Jahre (D Obermois 1823-1942 (Sygn. 568 e) 5\/1850); die Taufb\u00fccher gehen nur bis 1777, die Traungsmatrikel sind verloren, jedenfalls nicht im <a href=\"http:\/\/www.muzeum.archidiecezja.wroc.pl\/\" target=\"_blank\" rel=\"noopener\">Di\u00f6zesanarchiv in Breslau<\/a><\/p>\n<p>ooI vor 1805<\/p>\n<p>Maria Johanna <strong>Richter<\/strong><\/p>\n<p>oo II vor 1815<\/p>\n<p><strong>65.<\/strong> Anna Rosina<strong> Lindner,<\/strong> rk, * 1784, + Eisendorf 21.10.1858, [] 24.10.1858, TU Altersschw\u00e4che, 74 Jahre, gestorben 8 Uhr fr\u00fch, \u00f6ffentlich beerdigt (D Obermois 1823-1942 (Sygn. 568 e) 22\/1858); in den Taufb\u00fcchern bis 1777 keine Anna Rosina <strong>Lindner<\/strong> gefunden<\/p>\n<p>&nbsp;<\/p>\n<p><strong>66.<\/strong> Johann Joseph<strong> SCH\u00dcLLER<\/strong>, rk, Hofg\u00e4rtner, * Bertholdsdorf 18.05.1789 um 11 Uhr, ~ Bertholdsdorf 18.05.1789, Taufpaten: Gottfried <strong>Wie\u00dfner<\/strong>, Bauer und Gerichts&#8230; in Bertholdsdorf, Gottfried <strong>Brendel<\/strong>, Bauer in Farischau, Elisabeth, des Franz <strong>Welz<\/strong>, Bauers in Bertholdsdorf Eheweib (B Bertholdsdorf 1765-1792 (Sygn. 297 c) S.339)<\/p>\n<p>oo Bertholdsdorf 15.11.1819, Trauzeugen Joseph <strong>Wiesner<\/strong>, Bauer und Ignatz Werner <strong>Hausch<\/strong>, beide von Bertholdsdorf (C Bertholdsdorf 1804-1841 (Sygn. 497 e) S.57)<\/p>\n<p><strong>67.<\/strong> Maria Clara Aloisia<strong> B\u00f6nisch<\/strong>, rk, * 21.06.1794 um 11 Uhr, ~ Bertholdsdorf 21.06.1794, Taufpaten: Johann Josef <strong>G\u00fcttler<\/strong>, Brauer in K\u00f6rnitz, Marianna, des Anton <strong>G\u00fcttlers<\/strong>, Kretschmer in Bertholdsdorf, Anna Barbara, des Gottfried <strong>Wie\u00dfner<\/strong>, Bauers in Bertholdsdorf Eheweib (B Bertholdsdorf 1792-1820 (Sygn. 497 d) S.15)<\/p>\n<p>&nbsp;<\/p>\n<p><strong>68.<\/strong> Bernhard<strong> LANGER<\/strong>, * um 1800<\/p>\n<p>oo um 1820<\/p>\n<p><strong>69.<\/strong> Anna Maria<strong> Hausdorff<\/strong>, * um 1800<\/p>\n<p>&nbsp;<\/p>\n<p><strong>70.<\/strong> Bernhard<strong> BAND<\/strong>, * um 1800<\/p>\n<p>oo um 1820<\/p>\n<p><strong>71.<\/strong> Maria Barbara<strong> Simon<\/strong>, * um 1800<\/p>\n<p>&nbsp;<\/p>\n<p><strong>72.<\/strong> Ignaz August (Franz Carl Josef)<strong> EXNER<\/strong>, rk, * Kostenbluth 30.12.1813, ~ Kostenbluth 01.01.1814, Taufpaten: Joseph <strong>Rudolph<\/strong>, Ignatz <strong>Hempel<\/strong>, Hedwig <strong>Damnian<\/strong>, Johann <strong>Urban<\/strong> (B Kostenbluth 310 P16\/2), + vor 1871<\/p>\n<p>oo um 1845<\/p>\n<p><strong>73.<\/strong> Theresia<strong> Hipauf<\/strong>, rk, * Guckelhausen 12.12.1816 um 11 Uhr, ~ Kostenbluth 12.12.1816, Taufpaten: Theresia <strong>Werner<\/strong>, Anton <strong>Tamm<\/strong>, Joseph <strong>Schnabel<\/strong> alle aus Neuhof (B Kostenbluth 310 P28)<\/p>\n<p>&nbsp;<\/p>\n<p><strong>74.<\/strong> Franz<strong> WITTIG<\/strong>, rk, * um 1820<\/p>\n<p>oo um 1845<\/p>\n<p><strong>75.<\/strong> Veronika<strong> Welz<\/strong>, rk, * um 1820<\/p>\n<p>&nbsp;<\/p>\n<p><strong>76.<\/strong> Gottfried Johann<strong> SCHENK<\/strong>, rk, * Kostenbluth 25.05.1810, ~ Kostenbluth (B Kostenblut 28\/1810), + Neuhof 05.01.1874, TU Ertrinken (D Ossig 1\/1874)<\/p>\n<p>oo Ossig 22.05.1837 (C Ossig 5\/1837)<\/p>\n<p><strong>77.<\/strong> Johanna<strong> Funke<\/strong>, rk, * Neuhof 23.10.1812, ~ Ossig 25.10.1812 (B Ossig 43\/1812), + Neuhof 18.03.1872 (D Ossig 9\/1872)<\/p>\n<p>&nbsp;<\/p>\n<p><strong>78.<\/strong> Wilhelm Johann Carl<strong> SCHMIDT genannt W\u00f6lfel<\/strong>, * 07.08.1820, + Ingramsdorf 12.04.1903<\/p>\n<p>oo um 1845<\/p>\n<p><strong>79.<\/strong> Hedwig<strong> Blischke<\/strong>, * um 1820<\/p>\n<p>&nbsp;<\/p>\n<p>&nbsp;<\/p>\n<h5>siebte Ahnenreihe &#8211; Obereltern<\/h5>\n<p><strong>130.<\/strong> Johann Friedrich<strong> LINDNER, rk, Sch\u00e4fer, * um 1750<\/strong><\/p>\n<p>ooI Obermois um 1780<\/p>\n<p>Maria Rosina <strong>Baumert<\/strong><\/p>\n<p>ooII Obermois um 1784<\/p>\n<p><strong>131.<\/strong> Maria Elisabeth<strong> Beyer<\/strong>, rk, * um 1760<\/p>\n<p>&nbsp;<\/p>\n<p><strong>132.<\/strong> Johan Christoph Valentin<strong> SCH\u00dcLLER<\/strong>, rk, Bauer, *\/~ Bertholdsdorf 14.02.1751, Pfarrer: P. Vincentus <strong>\u00d6hlschl\u00e4ger<\/strong>, Taufpaten: Hans Christoph <strong>Pech<\/strong>, Schuhmacher und Bauer in Ossig, Caspar <strong>Berndel<\/strong>, Zimmermann und Erblass in Ossig, Anna Maria, des Hans Christian <strong>Kunsters<\/strong>, Schulmeister in Rauske seine Ehefrau (B Bertholdsdorf 1720-1773 (Sygn. 297 b) S.118, + Bertholdsdorf vor 1819)<\/p>\n<p>oo Bertholdsdorf 28.01.1777 (C Bertholdsdorf 1766-1803 (Sygn. 297 e) S.26)<\/p>\n<p>133. Anna Catharina<strong> K\u00f6nig<\/strong>, rk, * Sasterhausen 01.02.1758, ~ Bertholdsdorf 01.02.1758, Pfarrer: P. Ambrosius, Taufpaten: Frau Anna Catharina, Meister Anton <strong>Sauers<\/strong> M\u00fcller allda seine Ehewirtin, Frau Anna Ros. Baltzer <strong>G\u00fcttlers<\/strong> Bauer seine Ehewirtin, Junggesell Franz <strong>Welz<\/strong>, Jacob <strong>Meltzel<\/strong> Bauerssohn in Bertholdsdorf (B Bertholdsdorf 1720-1773 (Sygn. 297 b) S.142)<\/p>\n<p><img loading=\"lazy\" decoding=\"async\" class=\"alignnone wp-image-263 size-large\" src=\"http:\/\/michael-mautner.com\/wp-content\/uploads\/2017\/10\/Sch\u00fcller-Johann-Christoph-Valentin-C-1777-K\u00f6nig-Anna-Catharina-1030x769.jpg\" alt=\"\" width=\"1030\" height=\"769\" srcset=\"https:\/\/michael-mautner.com\/wp-content\/uploads\/2017\/10\/Sch\u00fcller-Johann-Christoph-Valentin-C-1777-K\u00f6nig-Anna-Catharina-1030x769.jpg 1030w, https:\/\/michael-mautner.com\/wp-content\/uploads\/2017\/10\/Sch\u00fcller-Johann-Christoph-Valentin-C-1777-K\u00f6nig-Anna-Catharina-300x224.jpg 300w, https:\/\/michael-mautner.com\/wp-content\/uploads\/2017\/10\/Sch\u00fcller-Johann-Christoph-Valentin-C-1777-K\u00f6nig-Anna-Catharina-768x574.jpg 768w, https:\/\/michael-mautner.com\/wp-content\/uploads\/2017\/10\/Sch\u00fcller-Johann-Christoph-Valentin-C-1777-K\u00f6nig-Anna-Catharina-1500x1120.jpg 1500w, https:\/\/michael-mautner.com\/wp-content\/uploads\/2017\/10\/Sch\u00fcller-Johann-Christoph-Valentin-C-1777-K\u00f6nig-Anna-Catharina-705x527.jpg 705w, https:\/\/michael-mautner.com\/wp-content\/uploads\/2017\/10\/Sch\u00fcller-Johann-Christoph-Valentin-C-1777-K\u00f6nig-Anna-Catharina-450x336.jpg 450w\" sizes=\"auto, (max-width: 1030px) 100vw, 1030px\" \/><\/p>\n<p>den 28ten Januar (1777) Traute P. Romanus <strong>Pflug<\/strong> Pfarrer in <em>Bertholdsdorf<\/em> in allhiesiger Pfarrkirche den Junggesellen und Bauer Hanns Christoph <strong>Sch\u00fcller<\/strong> des verstorbenen Hanns Christoph <strong>Sch\u00fcller<\/strong> gewesen in <em>Bertholdsdorf<\/em> hinterlassenen Sohn mit der tugendsamen Jungfer Anna Catharina <strong>K\u00f6nigin<\/strong>, des Hanns Georg <strong>K\u00f6nig<\/strong> Bauers in <em>Bertholdsdorf<\/em> eheliche Tochter. Beyst\u00e4nde oder Zeugen Fr. Jos. <strong>M\u00fcnch<\/strong>, Bauer und Gerichtsgeschworener und Franz <strong>Welz<\/strong>, Bauer, beyde von <em>Bertholdsdorf<\/em>. Br\u00e4utigam 25 Jahre, Braut 19 Jahre.<\/p>\n<p>&nbsp;<\/p>\n<p><strong>134.<\/strong> Joseph<strong> B\u00d6NISCH<\/strong>, rk, Freig\u00e4rtner, + Bertholdsdorf vor 1819<\/p>\n<p>oo Bertholdsdorf um 1780<\/p>\n<p><strong>135.<\/strong> Maria Rosina<strong> G\u00fcttler<\/strong>, rk, * um 1755<\/p>\n<p>&nbsp;<\/p>\n<p><strong>144.<\/strong> Franz<strong> Exner<\/strong>, rk, * um 1790<\/p>\n<p>oo<\/p>\n<p><strong>145.<\/strong> Hedwig<strong> Clemenz<\/strong>, rk, * um 1795<\/p>\n<p>&nbsp;<\/p>\n<p><strong>146.<\/strong> Lorenz<strong> Hipauf<\/strong>, rk, H\u00e4u\u00dfler<\/p>\n<p>oo vor 1805<\/p>\n<p><strong>147.<\/strong> Theresia<strong> Binder<\/strong>, rk<\/p>\n<p>&nbsp;<\/p>\n<p><strong>152.<\/strong> Franz Karl<strong> SCHENK<\/strong>, Musikus und Gro\u00dfb\u00fcrger, * um 1780<\/p>\n<p>oo<\/p>\n<p><strong>153.<\/strong> Veronika<strong> Jeschenberger<\/strong>, * um 1780<\/p>\n<p>&nbsp;<\/p>\n<p><strong>154.<\/strong> Franz<strong> FUNKE<\/strong>, Gemeindehirt, * um 1780<\/p>\n<p>oo<\/p>\n<p><strong>155.<\/strong> Maria Rosina<strong> Fischer<\/strong>, * um 1780<\/p>\n<p>&nbsp;<\/p>\n<p>&nbsp;<\/p>\n<h5>achte Ahnenreihe &#8211; Obergro\u00dfeltern<\/h5>\n<p><strong>264. <\/strong>Hans Christoph SCH\u00dcLLER, Bauer, * Bertholdsdorf um 1710, + Bertholdsdorf vor 1761<\/p>\n<p>oo um 1740<\/p>\n<p><strong>265.<\/strong> Barbara Elisabeth<strong> N.N.<\/strong>, * um 1715<\/p>\n<p>&nbsp;<\/p>\n<p><strong>266.<\/strong> Hann\u00df George Etmund<strong> K\u00d6NIG<\/strong>, rk, Hofg\u00e4rtner, Bauer, * Sasterhausen 17.01.1731, ~ Bertholdsdorf 17.01.1731, P. Etmundus (B Bertholdsdorf 1720-1767 (Sygn. 297 b) S.34)<\/p>\n<p>oo Bertholdsdorf 03.11.1753, Pater Othmarus, Zeuge Melchior <strong>Bruker<\/strong>, Hofg\u00e4rtner in Sasterhausen (C Bertholdsdorf 1720-1767 (Sygn. 297 d) S.27)<\/p>\n<p><strong>267.<\/strong> Anna Barbara<strong> Seyfried<\/strong>, * Bertholdsdorf 14.02.1732, P. Etmundus (B Bertholdsdorf 1720-1773 (Sygn. 297 b) S.38)<\/p>\n<p>&nbsp;<\/p>\n<p><strong>294.<\/strong> N.N.<strong> BINDER<\/strong>, rk, * um 1760<\/p>\n<p>oo um 1790<\/p>\n<p><strong>295.<\/strong> N.N. <strong>N.N.<\/strong>, rk, * um 1760<\/p>\n<p>&nbsp;<\/p>\n<p>&nbsp;<\/p>\n<h5>neunte Ahnenreihe &#8211; Oberurgro\u00dfeltern<\/h5>\n<p><strong>528.<\/strong> Hans Georg<strong> SCH\u00dcLLER<\/strong>, rk, * 01.06.1685, ~ 01.06.1685, + vor 10.08.1720<\/p>\n<p>ooI Bertholdsdorf 22.11.1709 (C I Bertholdsdorf 1659-1719 (Sygn. 297 a))<\/p>\n<p><strong>529.<\/strong> Anna Maria<strong> Wittig<\/strong>, rk, * Bertholdsdorf um 1689<\/p>\n<p>ooII Bertholdsdorf um 1715<\/p>\n<p>Rosina <strong>N.N.<\/strong>, * um 1690<\/p>\n<p>&nbsp;<\/p>\n<p><strong>532.<\/strong> Peter<strong> K\u00d6NIG<\/strong>, * Ruben 15.02.1702 (B Bertholdsdorf 1659-1719 (Sygn. 297 a)), + vor 1753<\/p>\n<p>oo Bertholdsdorf 16.01.1728, P. Thad\u00e4us (C Bertholdsdorf 1720-1767 (Sygn. 297 d) S.7)<\/p>\n<p><strong>533.<\/strong> Maria Barbara<strong> H\u00f6her<\/strong>, * um 1705, rk<\/p>\n<p>&nbsp;<\/p>\n<p><strong>534.<\/strong> Tobias<strong> SEYFRIED<\/strong>, rk, * Rindmannsdorf um 1700, + vor 1753<\/p>\n<p>oo Bertholdsdorf 29.11.1730, P. Amadeus (C Bertholdsdorf 1720-1767 (Sygn. 297 d) S.8)<\/p>\n<p><strong>535.<\/strong> Anna Maria<strong> Klein<\/strong>, * um 1705, rk<\/p>\n<p>&nbsp;<\/p>\n<h5>zehnte Ahnenreihe &#8211; Stammeltern<\/h5>\n<p><strong>1056.<\/strong> George<strong> SCH\u00dcLLER (Schilder)<\/strong>, rk, * um 1645<\/p>\n<p>ooI um 1671<\/p>\n<p>Susanna <strong>N.N.<\/strong>, * um 1648<\/p>\n<p>ooII um 1672<\/p>\n<p><strong>1057.<\/strong> Rosina<strong> N.N.<\/strong>, * um 1650<\/p>\n<p>&nbsp;<\/p>\n<p><strong>1058.<\/strong> Caspar<strong> WITTIG<\/strong>, rk, Bauer, * Bertholdsdorf um 1660, + vor 1709<\/p>\n<p><strong>1064.<\/strong> George<strong> K\u00d6NIG<\/strong>, rk, G\u00e4rtner, * Bertholdsdorf um 1650, + vor 1728<\/p>\n<p>ooI um 1673<\/p>\n<p>Ursula <strong>N.N.<\/strong>, * um 1652<\/p>\n<p>ooII Bertholdsdorf 15.01.1696 (C Bertholdsdorf 1659-1719 (Sygn. 297 a))<\/p>\n<p><strong>1065.<\/strong> Anna <strong>Greger<\/strong>, rk, * um 1675<\/p>\n<p>&nbsp;<\/p>\n<p><strong>1066.<\/strong> Nickol<strong> H\u00d6HER<\/strong>, rk, Hofg\u00e4rtner, * Ruben um 1675, + vor 1728<\/p>\n<p>oo um 1702<\/p>\n<p><strong>1067.<\/strong> N.N.<strong> N.N.<\/strong>, rk, * um 1680<\/p>\n<p>&nbsp;<\/p>\n<p><strong>1068.<\/strong> Tobias<strong> SEYFRIED<\/strong>, G\u00e4rtner, * Rindmannsdorf um 1670, + vor 1730<\/p>\n<p>oo um 1695<\/p>\n<p><strong>1069.<\/strong> N.N.<strong> N.N.<\/strong>, * um 1675<\/p>\n<p>&nbsp;<\/p>\n<p><strong>1070.<\/strong> Han\u00df Christoph<strong> KLEIN<\/strong>, Hufschmied, * Bertholdsdorf um 1668<\/p>\n<p>oo Bertholdsdorf 24.11.1699<\/p>\n<p><strong>1071.<\/strong> Anna Rosina<strong> Heun<\/strong>, rk, * um 1670<\/p>\n<h5><\/h5>\n<h5><strong><br \/>\n<\/strong>elfte Ahnenreihe &#8211; Stammgro\u00dfeltern<\/h5>\n<p><strong>2112.<\/strong> Melcher<strong> SCH\u00dcLLER<\/strong>, * 1613, + 10.04.1662, 48 Jahre, 23 Wochen (D Bertholdsdorf 1659-1719 (Sygn. 297 a))<\/p>\n<p>oo um 1650<\/p>\n<p><strong>2113.<\/strong> Dorothea<strong> N.N.<\/strong>, rk, * um 1620<\/p>\n<p>&nbsp;<\/p>\n<p><strong>2128.<\/strong> Georg<strong> K\u00d6NIG<\/strong>, rk, * 1626, ~ 1716, + 1716, der alte Georg; gestorben Oktober-Dezember, der Rand istnicht zu lesen, der letzte lesbare Eintrag davor aus dem Oktober (D Bertholdsdorf 1659-1719 (Sygn. 297 a))<\/p>\n<p>&nbsp;<\/p>\n<p><strong>2130.<\/strong> Nickol <strong>Greger<\/strong>, rk, G\u00e4rtner, * Heylendorf um 1645, + vor 1696<\/p>\n<p>&nbsp;<\/p>\n<p><strong>2140.<\/strong> Philip<strong> KLEIN<\/strong>, rk, Hufschmied, * Wirben um 1640, + vor 1699<\/p>\n<p>&nbsp;<\/p>\n<p><strong>2142.<\/strong> Adam<strong> HEUN<\/strong>, rk, Bauer, * um 1650, + vor 1695<\/p>\n<p>oo um 1675<\/p>\n<p><strong>2144.<\/strong> Judith<strong> N.N.<\/strong>, rk, * um 1655, + vor 1709<\/p>\n<p>ooII Bertholdsdorf 31.01.1695 (C II Bertholdsdorf 1659-1719 (Sygn. 297 a))<\/p>\n<p>Georg <strong>K\u00d6NIG<\/strong> (=1064?)<\/p>\n<p>&nbsp;<\/p>\n<p>&nbsp;<\/p>\n<p>The numbering system:<\/p>\n<p>The numbers in front of the names are the so-called Kekule numbers, according to <a href=\"http:\/\/de.wikipedia.org\/wiki\/Stephan_Kekule\">Stephan Kekule von Stradonitz<\/a>. The respondent (the youngest person in the line) receives the number 1, the father the number 2, the mother the number 3. If a person has the number n, e.g. 2 for the father, then his father receives the number 2n, i.e. the 4 (for the grandfather on the paternal side of the test person), the mother 2n + 1, here therefore the 5th The father of e.g. 18 receives the number 36, the mother of 18 receives the number 36+1=37. All male ancestors therefore have even numbers, all female odd numbers.<\/p>\n<p>rk stands for roman-catholic, evangelical-lutheran, o.B. for without confession<\/p>\n<p>The baptismal registers are abbreviated with B[from baptizavit], * stands for born, ~ for baptised<\/p>\n<p>The marriage registers are abbreviated C[by copulavit], oo stands for married, o-o for other relationship<\/p>\n<p>A divorce is abbreviated R[from repudium], o|o stands for divorced.<\/p>\n<p>The death registers are abbreviated with D[from defunctus\/a], + stands for died, [] for buried<\/p>\n<p>FAMILY NAMES that have been passed on are located in VERSALIA<\/p>\n<p>N.N. stands for an unknown name, from Latin nomen nominandum ([still] to be named) or nomen nescio (I don&#8217;t know the name[yet])<\/p>\n<p>You can find the complete ancestors of my children <a href=\"http:\/\/michael-mautner.de\/ahnenliste-meiner-kinder\/\" target=\"_blank\" rel=\"noopener\">HERE<\/a><\/p>\n","protected":false},"excerpt":{"rendered":"<p>The ancestors of the P\u00f6pelt line of my children &nbsp; 1a. &#x2642; Mautner 1b. &#x2642; Mautner &nbsp; erste Ahnenreihe &#8211; Eltern 2 . Michael Josef P\u00f6pelt, * in Aschaffenburg o|o 3 . &#x2640; MAUTNER &nbsp; zweite Ahnenreihe &#8211; Gro\u00dfeltern 4 . &#x2642; P\u00d6PELT,\u00a0 * 1926 in Ebersdorf\/Niederschlesien, + 2014 in M\u00fcnchen, [] 2014\u00a0 in Holzkirchen [&hellip;]<\/p>\n","protected":false},"author":3,"featured_media":0,"parent":347,"menu_order":0,"comment_status":"closed","ping_status":"closed","template":"","meta":{"footnotes":""},"class_list":["post-588","page","type-page","status-publish","hentry"],"_links":{"self":[{"href":"https:\/\/michael-mautner.com\/en\/wp-json\/wp\/v2\/pages\/588","targetHints":{"allow":["GET"]}}],"collection":[{"href":"https:\/\/michael-mautner.com\/en\/wp-json\/wp\/v2\/pages"}],"about":[{"href":"https:\/\/michael-mautner.com\/en\/wp-json\/wp\/v2\/types\/page"}],"author":[{"embeddable":true,"href":"https:\/\/michael-mautner.com\/en\/wp-json\/wp\/v2\/users\/3"}],"replies":[{"embeddable":true,"href":"https:\/\/michael-mautner.com\/en\/wp-json\/wp\/v2\/comments?post=588"}],"version-history":[{"count":1,"href":"https:\/\/michael-mautner.com\/en\/wp-json\/wp\/v2\/pages\/588\/revisions"}],"predecessor-version":[{"id":590,"href":"https:\/\/michael-mautner.com\/en\/wp-json\/wp\/v2\/pages\/588\/revisions\/590"}],"up":[{"embeddable":true,"href":"https:\/\/michael-mautner.com\/en\/wp-json\/wp\/v2\/pages\/347"}],"wp:attachment":[{"href":"https:\/\/michael-mautner.com\/en\/wp-json\/wp\/v2\/media?parent=588"}],"curies":[{"name":"wp","href":"https:\/\/api.w.org\/{rel}","templated":true}]}}