{"id":2357,"date":"2025-09-13T09:20:08","date_gmt":"2025-09-13T09:20:08","guid":{"rendered":"https:\/\/michael-mautner.com\/?page_id=2357"},"modified":"2025-09-13T13:38:20","modified_gmt":"2025-09-13T13:38:20","slug":"walking-down-family-history-lane","status":"publish","type":"page","link":"https:\/\/michael-mautner.com\/en\/genealogy\/genealogical-travels\/walking-down-family-history-lane","title":{"rendered":"Walking down family history lane"},"content":{"rendered":"<h5>Walking down family history lane<\/h5>\n<p>Visiting a historic city in the heart of Europe can be very exciting, because the stone witnesses of past centuries have a lot to tell. This is especially true of W\u00fcrzburg with its eventful history.<\/p>\n<p><img loading=\"lazy\" decoding=\"async\" class=\"alignnone wp-image-2325 size-full\" src=\"https:\/\/michael-mautner.com\/wp-content\/uploads\/2025\/09\/Wuerzburg-Feste-Marienberg-20250606.jpg\" alt=\"\" width=\"1500\" height=\"965\" srcset=\"https:\/\/michael-mautner.com\/wp-content\/uploads\/2025\/09\/Wuerzburg-Feste-Marienberg-20250606.jpg 1500w, https:\/\/michael-mautner.com\/wp-content\/uploads\/2025\/09\/Wuerzburg-Feste-Marienberg-20250606-300x193.jpg 300w, https:\/\/michael-mautner.com\/wp-content\/uploads\/2025\/09\/Wuerzburg-Feste-Marienberg-20250606-1030x663.jpg 1030w, https:\/\/michael-mautner.com\/wp-content\/uploads\/2025\/09\/Wuerzburg-Feste-Marienberg-20250606-768x494.jpg 768w, https:\/\/michael-mautner.com\/wp-content\/uploads\/2025\/09\/Wuerzburg-Feste-Marienberg-20250606-705x454.jpg 705w\" sizes=\"auto, (max-width: 1500px) 100vw, 1500px\" \/>Photo: Michael Mautner<\/p>\n<p>But it can be even more interesting and personal when you can connect your family history to However, it becomes even more interesting and personal when you can connect your family history with W\u00fcrzburg, as Kelly and James did. They asked me to show them the places where their ancestors lived in W\u00fcrzburg, and after some research, we were able to begin our family history tour in the city center.<\/p>\n<p>We spent wonderful and moving hours together in a beautiful city that opened up to us in a whole new and different way through this personal approach to family history.<\/p>\n<p>One of the ancestors of the Hemmert family, Johann Carl Hemmert, emigrated to the USA in 1870. He was born in W\u00fcrzburg in<a href=\"https:\/\/data.matricula-online.eu\/de\/deutschland\/wuerzburg\/wuerzburg-sankt-peter-und-paul-innenstadt\/05764\/?pg=11\">1850<\/a> and baptized in St. Peter and Paul Church. In <a href=\"https:\/\/www.digitale-sammlungen.de\/de\/view\/bsb10344125?page=20,21&amp;q=Hemmert\">1864<\/a>, we were able to find him in the documents as an orphaned tailor&#8217;s apprentice. As a very talented young man, he received a scholarship for \u201cpoor students who distinguished themselves through diligence and morality.\u201d<\/p>\n<p>His mother, Anna Hemmert, was born in 1815 and baptized in the parish of Hauger. When her son Johann was born, she did not name a father. Her mother, Helena Hemmert, with maiden name Ledermann, had been a widow since around 1805. She also did not name a father for her child when her daughter Anna was born. Helena Hemmert died of exhaustion in <a href=\"https:\/\/data.matricula-online.eu\/de\/deutschland\/wuerzburg\/wuerzburg-sankt-peter-und-paul-innenstadt\/05779\/?pg=229\">1839<\/a>, shortly before her 67th birthday. Anna Hemmert died in <a href=\"https:\/\/data.matricula-online.eu\/de\/deutschland\/wuerzburg\/wuerzburg-sankt-peter-und-paul-innenstadt\/05781\/?pg=168\">1863<\/a>, one day after her 48th birthday, from an infection in a so-called \u201cSiechenhaus\u201d (infirmary), the \u201cEhehalterhaus\u201d (hospital for infectious diseases) outside the city.<\/p>\n<p>We were able to transfer the historical house numbers, which are known from baptism and death certificates in the W\u00fcrzburg church records and from resident registration forms in the W\u00fcrzburg city archives, into a table. This allowed us to assign them to their current locations and ensure that we had identified the correct places.<\/p>\n<p><img loading=\"lazy\" decoding=\"async\" class=\"alignnone wp-image-2329 size-full\" src=\"https:\/\/michael-mautner.com\/wp-content\/uploads\/2025\/09\/Hemmert-in-Wuerzburg-e1757770633274.jpg\" alt=\"\" width=\"1265\" height=\"840\" srcset=\"https:\/\/michael-mautner.com\/wp-content\/uploads\/2025\/09\/Hemmert-in-Wuerzburg-e1757770633274.jpg 1265w, https:\/\/michael-mautner.com\/wp-content\/uploads\/2025\/09\/Hemmert-in-Wuerzburg-e1757770633274-300x199.jpg 300w, https:\/\/michael-mautner.com\/wp-content\/uploads\/2025\/09\/Hemmert-in-Wuerzburg-e1757770633274-1030x684.jpg 1030w, https:\/\/michael-mautner.com\/wp-content\/uploads\/2025\/09\/Hemmert-in-Wuerzburg-e1757770633274-768x510.jpg 768w, https:\/\/michael-mautner.com\/wp-content\/uploads\/2025\/09\/Hemmert-in-Wuerzburg-e1757770633274-705x468.jpg 705w\" sizes=\"auto, (max-width: 1265px) 100vw, 1265px\" \/>We met at the train station and walked through W\u00fcrzburg in roughly the order shown in the table. We had marked the addresses in gray on historical maps. W\u00fcrzburg was almost completely destroyed during <a href=\"https:\/\/wuerzburgwiki.de\/wiki\/W%C3%BCrzburg_im_Zweiten_Weltkrieg#Luftangriffe\">World War II<\/a>, as a <a href=\"https:\/\/wuerzburgwiki.de\/wiki\/Datei:Wuerzburg_zerstoert_Plan_1945.jpg\">1945<\/a> damage assessment map from the city planning office impressively shows. As a result, very few buildings remained at least partially intact.<\/p>\n<p><img loading=\"lazy\" decoding=\"async\" class=\"alignnone wp-image-2333 size-full\" src=\"https:\/\/michael-mautner.com\/wp-content\/uploads\/2025\/09\/Wuerzburg-1869-a.jpg\" alt=\"\" width=\"1730\" height=\"942\" srcset=\"https:\/\/michael-mautner.com\/wp-content\/uploads\/2025\/09\/Wuerzburg-1869-a.jpg 1730w, https:\/\/michael-mautner.com\/wp-content\/uploads\/2025\/09\/Wuerzburg-1869-a-300x163.jpg 300w, https:\/\/michael-mautner.com\/wp-content\/uploads\/2025\/09\/Wuerzburg-1869-a-1030x561.jpg 1030w, https:\/\/michael-mautner.com\/wp-content\/uploads\/2025\/09\/Wuerzburg-1869-a-768x418.jpg 768w, https:\/\/michael-mautner.com\/wp-content\/uploads\/2025\/09\/Wuerzburg-1869-a-1536x836.jpg 1536w, https:\/\/michael-mautner.com\/wp-content\/uploads\/2025\/09\/Wuerzburg-1869-a-1500x817.jpg 1500w, https:\/\/michael-mautner.com\/wp-content\/uploads\/2025\/09\/Wuerzburg-1869-a-705x384.jpg 705w\" sizes=\"auto, (max-width: 1730px) 100vw, 1730px\" \/>Source: MDZ <a href=\"https:\/\/www.digitale-sammlungen.de\/en\/view\/bsb00105396?page=,1\">Neuester Plan der Kreishauptstadt W\u00fcrzburg : mit Angabe der neuen Hausnummern; entworfen und ausgef\u00fchrt, mit Benutzung amtlicher Materialien, von L. St\u00fcrtz<\/a><\/p>\n<p>Thank you, Kelly and James, for giving me the opportunity to accompany you to these places and guide you on your walk through your family&#8217;s history. I really enjoyed our day together in W\u00fcrzburg! (Photo: Corley-Hemmert)<\/p>\n<p style=\"text-align: left;\"><img loading=\"lazy\" decoding=\"async\" class=\"aligncenter wp-image-2321 size-large\" src=\"https:\/\/michael-mautner.com\/wp-content\/uploads\/2025\/09\/Corley-Hemmert-Mautner-Wuerzburg-20250606-732x1030.jpg\" alt=\"\" width=\"732\" height=\"1030\" srcset=\"https:\/\/michael-mautner.com\/wp-content\/uploads\/2025\/09\/Corley-Hemmert-Mautner-Wuerzburg-20250606-732x1030.jpg 732w, https:\/\/michael-mautner.com\/wp-content\/uploads\/2025\/09\/Corley-Hemmert-Mautner-Wuerzburg-20250606-213x300.jpg 213w, https:\/\/michael-mautner.com\/wp-content\/uploads\/2025\/09\/Corley-Hemmert-Mautner-Wuerzburg-20250606-768x1081.jpg 768w, https:\/\/michael-mautner.com\/wp-content\/uploads\/2025\/09\/Corley-Hemmert-Mautner-Wuerzburg-20250606-1091x1536.jpg 1091w, https:\/\/michael-mautner.com\/wp-content\/uploads\/2025\/09\/Corley-Hemmert-Mautner-Wuerzburg-20250606-1066x1500.jpg 1066w, https:\/\/michael-mautner.com\/wp-content\/uploads\/2025\/09\/Corley-Hemmert-Mautner-Wuerzburg-20250606-501x705.jpg 501w, https:\/\/michael-mautner.com\/wp-content\/uploads\/2025\/09\/Corley-Hemmert-Mautner-Wuerzburg-20250606.jpg 1344w\" sizes=\"auto, (max-width: 732px) 100vw, 732px\" \/><\/p>\n<p style=\"text-align: left;\">Michael Mautner \u2013 Genealogy Mautner-Frank, in September 2025<\/p>\n","protected":false},"excerpt":{"rendered":"<p>Walking down family history lane Visiting a historic city in the heart of Europe can be very exciting, because the stone witnesses of past centuries have a lot to tell. This is especially true of W\u00fcrzburg with its eventful history. Photo: Michael Mautner But it can be even more interesting and personal when you can [&hellip;]<\/p>\n","protected":false},"author":5,"featured_media":0,"parent":2345,"menu_order":0,"comment_status":"closed","ping_status":"closed","template":"","meta":{"footnotes":""},"class_list":["post-2357","page","type-page","status-publish","hentry"],"_links":{"self":[{"href":"https:\/\/michael-mautner.com\/en\/wp-json\/wp\/v2\/pages\/2357","targetHints":{"allow":["GET"]}}],"collection":[{"href":"https:\/\/michael-mautner.com\/en\/wp-json\/wp\/v2\/pages"}],"about":[{"href":"https:\/\/michael-mautner.com\/en\/wp-json\/wp\/v2\/types\/page"}],"author":[{"embeddable":true,"href":"https:\/\/michael-mautner.com\/en\/wp-json\/wp\/v2\/users\/5"}],"replies":[{"embeddable":true,"href":"https:\/\/michael-mautner.com\/en\/wp-json\/wp\/v2\/comments?post=2357"}],"version-history":[{"count":4,"href":"https:\/\/michael-mautner.com\/en\/wp-json\/wp\/v2\/pages\/2357\/revisions"}],"predecessor-version":[{"id":2504,"href":"https:\/\/michael-mautner.com\/en\/wp-json\/wp\/v2\/pages\/2357\/revisions\/2504"}],"up":[{"embeddable":true,"href":"https:\/\/michael-mautner.com\/en\/wp-json\/wp\/v2\/pages\/2345"}],"wp:attachment":[{"href":"https:\/\/michael-mautner.com\/en\/wp-json\/wp\/v2\/media?parent=2357"}],"curies":[{"name":"wp","href":"https:\/\/api.w.org\/{rel}","templated":true}]}}